{"id":6060,"date":"2023-11-01T22:45:46","date_gmt":"2023-11-01T22:45:46","guid":{"rendered":"https:\/\/thenewenglandgourmet.com\/?page_id=6060"},"modified":"2023-11-22T02:31:50","modified_gmt":"2023-11-22T02:31:50","slug":"rhode-island","status":"publish","type":"page","link":"https:\/\/thenewenglandgourmet.com\/fr\/rhode-island\/","title":{"rendered":"Rhode Island"},"content":{"rendered":"<div data-elementor-type=\"wp-page\" data-elementor-id=\"6060\" class=\"elementor elementor-6060\" data-elementor-post-type=\"page\">\n\t\t\t\t<div class=\"elementor-element elementor-element-5d67c02e e-flex e-con-boxed e-con e-parent\" data-id=\"5d67c02e\" data-element_type=\"container\" data-e-type=\"container\">\n\t\t\t\t\t<div class=\"e-con-inner\">\n\t\t<div class=\"elementor-element elementor-element-21fb1881 e-con-full e-flex e-con e-child\" data-id=\"21fb1881\" data-element_type=\"container\" data-e-type=\"container\">\n\t\t\t\t<div class=\"elementor-element elementor-element-a6ea04c elementor-widget elementor-widget-image\" data-id=\"a6ea04c\" data-element_type=\"widget\" data-e-type=\"widget\" data-widget_type=\"image.default\">\n\t\t\t\t<div class=\"elementor-widget-container\">\n\t\t\t\t\t\t\t\t\t\t\t\t\t\t\t<img decoding=\"async\" src=\"https:\/\/thenewenglandgourmet.com\/wp-content\/uploads\/2022\/07\/291039893_545735447255020_4095343275939204838_n.jpg\" title=\"291039893_545735447255020_4095343275939204838_n\" alt=\"291039893_545735447255020_4095343275939204838_n\" loading=\"lazy\" \/>\t\t\t\t\t\t\t\t\t\t\t\t\t\t\t<\/div>\n\t\t\t\t<\/div>\n\t\t\t\t<\/div>\n\t\t<div class=\"elementor-element elementor-element-74954dd0 e-con-full e-flex e-con e-child\" data-id=\"74954dd0\" data-element_type=\"container\" data-e-type=\"container\">\n\t\t\t\t<div class=\"elementor-element elementor-element-63808545 elementor-widget elementor-widget-heading\" data-id=\"63808545\" data-element_type=\"widget\" data-e-type=\"widget\" data-widget_type=\"heading.default\">\n\t\t\t\t<div class=\"elementor-widget-container\">\n\t\t\t\t\t<h1 class=\"elementor-heading-title elementor-size-default\">Les meilleurs brunchs du Rhode Island<\/h1>\t\t\t\t<\/div>\n\t\t\t\t<\/div>\n\t\t\t\t<div class=\"elementor-element elementor-element-734753ac elementor-widget elementor-widget-heading\" data-id=\"734753ac\" data-element_type=\"widget\" data-e-type=\"widget\" data-widget_type=\"heading.default\">\n\t\t\t\t<div class=\"elementor-widget-container\">\n\t\t\t\t\t<h2 class=\"elementor-heading-title elementor-size-default\">D\u00e9couvrez les meilleurs brunchs du Rhode Island<\/h2>\t\t\t\t<\/div>\n\t\t\t\t<\/div>\n\t\t\t\t<div class=\"elementor-element elementor-element-2a9761ad elementor-widget elementor-widget-text-editor\" data-id=\"2a9761ad\" data-element_type=\"widget\" data-e-type=\"widget\" data-widget_type=\"text-editor.default\">\n\t\t\t\t<div class=\"elementor-widget-container\">\n\t\t\t\t\t\t\t\t\t<p>En d\u00e9pit de sa petite envergure, le Rhode Island tient t\u00eate au Massachusetts et surpasse m\u00eame le reste de la Nouvelle Angleterre en terme de gastronomie. Entre autre, Providence, la capital, abrite d\u2019innombrables restaurants id\u00e9aux pour un brunch savoureux et original.<\/p><p>Pareil \u00e0 Harvard \u00e0 Cambridge, l\u2019universit\u00e9 Brown impr\u00e8gne la ville d\u2019une diversit\u00e9 et d\u2019un renouveau culinaire constant. Ainsi, \u00e0 chaque visite, le choix du restaurant pour un brunch se fait difficile!<\/p>\t\t\t\t\t\t\t\t<\/div>\n\t\t\t\t<\/div>\n\t\t\t\t<\/div>\n\t\t\t\t\t<\/div>\n\t\t\t\t<\/div>\n\t\t<div class=\"elementor-element elementor-element-36178984 e-flex e-con-boxed e-con e-parent\" data-id=\"36178984\" data-element_type=\"container\" data-e-type=\"container\">\n\t\t\t\t\t<div class=\"e-con-inner\">\n\t\t<div class=\"elementor-element elementor-element-37871a3b e-flex e-con-boxed e-con e-child\" data-id=\"37871a3b\" data-element_type=\"container\" data-e-type=\"container\">\n\t\t\t\t\t<div class=\"e-con-inner\">\n\t\t\t\t<div class=\"elementor-element elementor-element-d8e29c5 elementor-widget-divider--view-line elementor-widget elementor-widget-divider\" data-id=\"d8e29c5\" data-element_type=\"widget\" data-e-type=\"widget\" data-widget_type=\"divider.default\">\n\t\t\t\t<div class=\"elementor-widget-container\">\n\t\t\t\t\t\t\t<div class=\"elementor-divider\">\n\t\t\t<span class=\"elementor-divider-separator\">\n\t\t\t\t\t\t<\/span>\n\t\t<\/div>\n\t\t\t\t\t\t<\/div>\n\t\t\t\t<\/div>\n\t\t\t\t<div class=\"elementor-element elementor-element-6aa0db3f elementor-widget elementor-widget-heading\" data-id=\"6aa0db3f\" data-element_type=\"widget\" data-e-type=\"widget\" data-widget_type=\"heading.default\">\n\t\t\t\t<div class=\"elementor-widget-container\">\n\t\t\t\t\t<h2 class=\"elementor-heading-title elementor-size-default\">Revues de brunchs dans le Rhode Island<\/h2>\t\t\t\t<\/div>\n\t\t\t\t<\/div>\n\t\t\t\t\t<\/div>\n\t\t\t\t<\/div>\n\t\t\t\t<div class=\"elementor-element elementor-element-4588d4f2 elementor-grid-1 elementor-posts--align-center elementor-grid-tablet-1 elementor-widget__width-inherit elementor-grid-mobile-1 elementor-posts--thumbnail-top elementor-widget elementor-widget-posts\" data-id=\"4588d4f2\" data-element_type=\"widget\" data-e-type=\"widget\" data-settings=\"{&quot;classic_columns&quot;:&quot;1&quot;,&quot;classic_columns_tablet&quot;:&quot;1&quot;,&quot;classic_columns_mobile&quot;:&quot;1&quot;,&quot;classic_row_gap&quot;:{&quot;unit&quot;:&quot;px&quot;,&quot;size&quot;:35,&quot;sizes&quot;:[]},&quot;classic_row_gap_widescreen&quot;:{&quot;unit&quot;:&quot;px&quot;,&quot;size&quot;:&quot;&quot;,&quot;sizes&quot;:[]},&quot;classic_row_gap_laptop&quot;:{&quot;unit&quot;:&quot;px&quot;,&quot;size&quot;:&quot;&quot;,&quot;sizes&quot;:[]},&quot;classic_row_gap_tablet_extra&quot;:{&quot;unit&quot;:&quot;px&quot;,&quot;size&quot;:&quot;&quot;,&quot;sizes&quot;:[]},&quot;classic_row_gap_tablet&quot;:{&quot;unit&quot;:&quot;px&quot;,&quot;size&quot;:&quot;&quot;,&quot;sizes&quot;:[]},&quot;classic_row_gap_mobile_extra&quot;:{&quot;unit&quot;:&quot;px&quot;,&quot;size&quot;:&quot;&quot;,&quot;sizes&quot;:[]},&quot;classic_row_gap_mobile&quot;:{&quot;unit&quot;:&quot;px&quot;,&quot;size&quot;:&quot;&quot;,&quot;sizes&quot;:[]}}\" data-widget_type=\"posts.classic\">\n\t\t\t\t<div class=\"elementor-widget-container\">\n\t\t\t\t\t\t\t<div class=\"elementor-posts-container elementor-posts elementor-posts--skin-classic elementor-grid\">\n\t\t\t\t<article class=\"elementor-post elementor-grid-item post-6582 post type-post status-publish format-standard has-post-thumbnail hentry category-best-brunch-rhode-island\">\n\t\t\t\t<a class=\"elementor-post__thumbnail__link\" href=\"https:\/\/thenewenglandgourmet.com\/fr\/best-brunch-rhode-island\/bayberry-garden\/\" tabindex=\"-1\" >\n\t\t\t<div class=\"elementor-post__thumbnail\"><img fetchpriority=\"high\" decoding=\"async\" width=\"1279\" height=\"1575\" src=\"https:\/\/thenewenglandgourmet.com\/wp-content\/uploads\/2024\/03\/413371976_6889116654470808_646417271547320854_n.jpg\" class=\"attachment-full size-full wp-image-6592\" alt=\"Bayberry Garden Brunch FRIED CHICKEN\" srcset=\"https:\/\/thenewenglandgourmet.com\/wp-content\/uploads\/2024\/03\/413371976_6889116654470808_646417271547320854_n.jpg 1279w, https:\/\/thenewenglandgourmet.com\/wp-content\/uploads\/2024\/03\/413371976_6889116654470808_646417271547320854_n-244x300.jpg 244w, https:\/\/thenewenglandgourmet.com\/wp-content\/uploads\/2024\/03\/413371976_6889116654470808_646417271547320854_n-832x1024.jpg 832w, https:\/\/thenewenglandgourmet.com\/wp-content\/uploads\/2024\/03\/413371976_6889116654470808_646417271547320854_n-768x946.jpg 768w, https:\/\/thenewenglandgourmet.com\/wp-content\/uploads\/2024\/03\/413371976_6889116654470808_646417271547320854_n-1247x1536.jpg 1247w, https:\/\/thenewenglandgourmet.com\/wp-content\/uploads\/2024\/03\/413371976_6889116654470808_646417271547320854_n-10x12.jpg 10w\" sizes=\"(max-width: 1279px) 100vw, 1279px\" \/><\/div>\n\t\t<\/a>\n\t\t\t\t<div class=\"elementor-post__text\">\n\t\t\t\t<h3 class=\"elementor-post__title\">\n\t\t\t<a href=\"https:\/\/thenewenglandgourmet.com\/fr\/best-brunch-rhode-island\/bayberry-garden\/\" >\n\t\t\t\tBayberry Garden\t\t\t<\/a>\n\t\t<\/h3>\n\t\t\t\t<div class=\"elementor-post__meta-data\">\n\t\t\t\t\t<span class=\"elementor-post-date\">\n\t\t\tavril 3, 2024\t\t<\/span>\n\t\t\t\t<\/div>\n\t\t\t\t<div class=\"elementor-post__excerpt\">\n\t\t\t<p>Bayberry Garden, located in Providence, offers original and modern brunches based on more traditional dishes in a rustic yet modern decor.<\/p>\n\t\t<\/div>\n\t\t\n\t\t<a class=\"elementor-post__read-more\" href=\"https:\/\/thenewenglandgourmet.com\/fr\/best-brunch-rhode-island\/bayberry-garden\/\" aria-label=\"En savoir plus sur Bayberry Garden\" tabindex=\"-1\" >\n\t\t\tRead More \u00bb\t\t<\/a>\n\n\t\t\t\t<\/div>\n\t\t\t\t<\/article>\n\t\t\t\t<article class=\"elementor-post elementor-grid-item post-4127 post type-post status-publish format-standard has-post-thumbnail hentry category-best-brunch-rhode-island\">\n\t\t\t\t<a class=\"elementor-post__thumbnail__link\" href=\"https:\/\/thenewenglandgourmet.com\/fr\/best-brunch-rhode-island\/bayberry-beer-hall-2\/\" tabindex=\"-1\" >\n\t\t\t<div class=\"elementor-post__thumbnail\"><img decoding=\"async\" width=\"1493\" height=\"1120\" src=\"https:\/\/thenewenglandgourmet.com\/wp-content\/uploads\/2022\/08\/289686999_554715716297713_5957587329405689688_n-copy-1.jpg\" class=\"attachment-full size-full wp-image-4588\" alt=\"\" srcset=\"https:\/\/thenewenglandgourmet.com\/wp-content\/uploads\/2022\/08\/289686999_554715716297713_5957587329405689688_n-copy-1.jpg 1493w, https:\/\/thenewenglandgourmet.com\/wp-content\/uploads\/2022\/08\/289686999_554715716297713_5957587329405689688_n-copy-1-300x225.jpg 300w, https:\/\/thenewenglandgourmet.com\/wp-content\/uploads\/2022\/08\/289686999_554715716297713_5957587329405689688_n-copy-1-1024x768.jpg 1024w, https:\/\/thenewenglandgourmet.com\/wp-content\/uploads\/2022\/08\/289686999_554715716297713_5957587329405689688_n-copy-1-768x576.jpg 768w, https:\/\/thenewenglandgourmet.com\/wp-content\/uploads\/2022\/08\/289686999_554715716297713_5957587329405689688_n-copy-1-16x12.jpg 16w\" sizes=\"(max-width: 1493px) 100vw, 1493px\" \/><\/div>\n\t\t<\/a>\n\t\t\t\t<div class=\"elementor-post__text\">\n\t\t\t\t<h3 class=\"elementor-post__title\">\n\t\t\t<a href=\"https:\/\/thenewenglandgourmet.com\/fr\/best-brunch-rhode-island\/bayberry-beer-hall-2\/\" >\n\t\t\t\tBayberry Beer Hall\t\t\t<\/a>\n\t\t<\/h3>\n\t\t\t\t<div class=\"elementor-post__meta-data\">\n\t\t\t\t\t<span class=\"elementor-post-date\">\n\t\t\tjanvier 1, 2023\t\t<\/span>\n\t\t\t\t<\/div>\n\t\t\t\t<div class=\"elementor-post__excerpt\">\n\t\t\t<p>Bayberry Brewery, a little beer hall in Providence, offers an exquisite brunch.<\/p>\n\t\t<\/div>\n\t\t\n\t\t<a class=\"elementor-post__read-more\" href=\"https:\/\/thenewenglandgourmet.com\/fr\/best-brunch-rhode-island\/bayberry-beer-hall-2\/\" aria-label=\"En savoir plus sur Bayberry Beer Hall\" tabindex=\"-1\" >\n\t\t\tRead More \u00bb\t\t<\/a>\n\n\t\t\t\t<\/div>\n\t\t\t\t<\/article>\n\t\t\t\t<\/div>\n\t\t\n\t\t\t\t\t\t<\/div>\n\t\t\t\t<\/div>\n\t\t\t\t\t<\/div>\n\t\t\t\t<\/div>\n\t\t\t\t<\/div>","protected":false},"excerpt":{"rendered":"<p>Best Brunches in Rhode Island Discover the Best Brunches in Rhode Island Despite its diminutive size, Rhode Island holds its own against its much larger neighbor, Massachusetts, and surpasses the rest of New England in terms of gastronomy. In fact, Providence, the capital, harbors many modern eateries ideal for an original and exquisite brunch. Akin [&hellip;]<\/p>\n","protected":false},"author":1,"featured_media":0,"parent":0,"menu_order":0,"comment_status":"closed","ping_status":"closed","template":"elementor_header_footer","meta":{"nf_dc_page":"","_monsterinsights_skip_tracking":false,"_monsterinsights_sitenote_active":false,"_monsterinsights_sitenote_note":"","_monsterinsights_sitenote_category":0,"footnotes":""},"class_list":["post-6060","page","type-page","status-publish","hentry"],"yoast_head":"<!-- This site is optimized with the Yoast SEO plugin v27.4 - https:\/\/yoast.com\/product\/yoast-seo-wordpress\/ -->\n<title>Rhode Island - The New England Gourmet<\/title>\n<meta name=\"robots\" content=\"index, follow, max-snippet:-1, max-image-preview:large, max-video-preview:-1\" \/>\n<link rel=\"canonical\" href=\"https:\/\/thenewenglandgourmet.com\/fr\/rhode-island\/\" \/>\n<meta property=\"og:locale\" content=\"fr_FR\" \/>\n<meta property=\"og:type\" content=\"article\" \/>\n<meta property=\"og:title\" content=\"Rhode Island - The New England Gourmet\" \/>\n<meta property=\"og:description\" content=\"Best Brunches in Rhode Island Discover the Best Brunches in Rhode Island Despite its diminutive size, Rhode Island holds its own against its much larger neighbor, Massachusetts, and surpasses the rest of New England in terms of gastronomy. In fact, Providence, the capital, harbors many modern eateries ideal for an original and exquisite brunch. Akin [&hellip;]\" \/>\n<meta property=\"og:url\" content=\"https:\/\/thenewenglandgourmet.com\/fr\/rhode-island\/\" \/>\n<meta property=\"og:site_name\" content=\"The New England Gourmet\" \/>\n<meta property=\"article:modified_time\" content=\"2023-11-22T02:31:50+00:00\" \/>\n<meta property=\"og:image\" content=\"https:\/\/thenewenglandgourmet.com\/wp-content\/uploads\/2022\/07\/291039893_545735447255020_4095343275939204838_n.jpg\" \/>\n<meta name=\"twitter:card\" content=\"summary_large_image\" \/>\n<meta name=\"twitter:label1\" content=\"Dur\u00e9e de lecture estim\u00e9e\" \/>\n\t<meta name=\"twitter:data1\" content=\"1 minute\" \/>\n<script type=\"application\/ld+json\" class=\"yoast-schema-graph\">{\"@context\":\"https:\\\/\\\/schema.org\",\"@graph\":[{\"@type\":\"WebPage\",\"@id\":\"https:\\\/\\\/thenewenglandgourmet.com\\\/rhode-island\\\/\",\"url\":\"https:\\\/\\\/thenewenglandgourmet.com\\\/rhode-island\\\/\",\"name\":\"Rhode Island - The New England Gourmet\",\"isPartOf\":{\"@id\":\"https:\\\/\\\/thenewenglandgourmet.com\\\/#website\"},\"primaryImageOfPage\":{\"@id\":\"https:\\\/\\\/thenewenglandgourmet.com\\\/rhode-island\\\/#primaryimage\"},\"image\":{\"@id\":\"https:\\\/\\\/thenewenglandgourmet.com\\\/rhode-island\\\/#primaryimage\"},\"thumbnailUrl\":\"https:\\\/\\\/thenewenglandgourmet.com\\\/wp-content\\\/uploads\\\/2022\\\/07\\\/291039893_545735447255020_4095343275939204838_n.jpg\",\"datePublished\":\"2023-11-01T22:45:46+00:00\",\"dateModified\":\"2023-11-22T02:31:50+00:00\",\"breadcrumb\":{\"@id\":\"https:\\\/\\\/thenewenglandgourmet.com\\\/rhode-island\\\/#breadcrumb\"},\"inLanguage\":\"fr-FR\",\"potentialAction\":[{\"@type\":\"ReadAction\",\"target\":[\"https:\\\/\\\/thenewenglandgourmet.com\\\/rhode-island\\\/\"]}]},{\"@type\":\"ImageObject\",\"inLanguage\":\"fr-FR\",\"@id\":\"https:\\\/\\\/thenewenglandgourmet.com\\\/rhode-island\\\/#primaryimage\",\"url\":\"https:\\\/\\\/thenewenglandgourmet.com\\\/wp-content\\\/uploads\\\/2022\\\/07\\\/291039893_545735447255020_4095343275939204838_n.jpg\",\"contentUrl\":\"https:\\\/\\\/thenewenglandgourmet.com\\\/wp-content\\\/uploads\\\/2022\\\/07\\\/291039893_545735447255020_4095343275939204838_n.jpg\"},{\"@type\":\"BreadcrumbList\",\"@id\":\"https:\\\/\\\/thenewenglandgourmet.com\\\/rhode-island\\\/#breadcrumb\",\"itemListElement\":[{\"@type\":\"ListItem\",\"position\":1,\"name\":\"Home\",\"item\":\"https:\\\/\\\/thenewenglandgourmet.com\\\/\"},{\"@type\":\"ListItem\",\"position\":2,\"name\":\"Rhode Island\"}]},{\"@type\":\"WebSite\",\"@id\":\"https:\\\/\\\/thenewenglandgourmet.com\\\/#website\",\"url\":\"https:\\\/\\\/thenewenglandgourmet.com\\\/\",\"name\":\"The New England Gourmet\",\"description\":\"\",\"publisher\":{\"@id\":\"https:\\\/\\\/thenewenglandgourmet.com\\\/#organization\"},\"potentialAction\":[{\"@type\":\"SearchAction\",\"target\":{\"@type\":\"EntryPoint\",\"urlTemplate\":\"https:\\\/\\\/thenewenglandgourmet.com\\\/?s={search_term_string}\"},\"query-input\":{\"@type\":\"PropertyValueSpecification\",\"valueRequired\":true,\"valueName\":\"search_term_string\"}}],\"inLanguage\":\"fr-FR\"},{\"@type\":\"Organization\",\"@id\":\"https:\\\/\\\/thenewenglandgourmet.com\\\/#organization\",\"name\":\"The New England Gourmet\",\"url\":\"https:\\\/\\\/thenewenglandgourmet.com\\\/\",\"logo\":{\"@type\":\"ImageObject\",\"inLanguage\":\"fr-FR\",\"@id\":\"https:\\\/\\\/thenewenglandgourmet.com\\\/#\\\/schema\\\/logo\\\/image\\\/\",\"url\":\"https:\\\/\\\/thenewenglandgourmet.com\\\/wp-content\\\/uploads\\\/2021\\\/10\\\/logo-transparent-1.png\",\"contentUrl\":\"https:\\\/\\\/thenewenglandgourmet.com\\\/wp-content\\\/uploads\\\/2021\\\/10\\\/logo-transparent-1.png\",\"width\":500,\"height\":500,\"caption\":\"The New England Gourmet\"},\"image\":{\"@id\":\"https:\\\/\\\/thenewenglandgourmet.com\\\/#\\\/schema\\\/logo\\\/image\\\/\"}}]}<\/script>\n<!-- \/ Yoast SEO plugin. -->","yoast_head_json":{"title":"Rhode Island - The New England Gourmet","robots":{"index":"index","follow":"follow","max-snippet":"max-snippet:-1","max-image-preview":"max-image-preview:large","max-video-preview":"max-video-preview:-1"},"canonical":"https:\/\/thenewenglandgourmet.com\/fr\/rhode-island\/","og_locale":"fr_FR","og_type":"article","og_title":"Rhode Island - The New England Gourmet","og_description":"Best Brunches in Rhode Island Discover the Best Brunches in Rhode Island Despite its diminutive size, Rhode Island holds its own against its much larger neighbor, Massachusetts, and surpasses the rest of New England in terms of gastronomy. In fact, Providence, the capital, harbors many modern eateries ideal for an original and exquisite brunch. Akin [&hellip;]","og_url":"https:\/\/thenewenglandgourmet.com\/fr\/rhode-island\/","og_site_name":"The New England Gourmet","article_modified_time":"2023-11-22T02:31:50+00:00","og_image":[{"url":"https:\/\/thenewenglandgourmet.com\/wp-content\/uploads\/2022\/07\/291039893_545735447255020_4095343275939204838_n.jpg","type":"","width":"","height":""}],"twitter_card":"summary_large_image","twitter_misc":{"Dur\u00e9e de lecture estim\u00e9e":"1 minute"},"schema":{"@context":"https:\/\/schema.org","@graph":[{"@type":"WebPage","@id":"https:\/\/thenewenglandgourmet.com\/rhode-island\/","url":"https:\/\/thenewenglandgourmet.com\/rhode-island\/","name":"Rhode Island - The New England Gourmet","isPartOf":{"@id":"https:\/\/thenewenglandgourmet.com\/#website"},"primaryImageOfPage":{"@id":"https:\/\/thenewenglandgourmet.com\/rhode-island\/#primaryimage"},"image":{"@id":"https:\/\/thenewenglandgourmet.com\/rhode-island\/#primaryimage"},"thumbnailUrl":"https:\/\/thenewenglandgourmet.com\/wp-content\/uploads\/2022\/07\/291039893_545735447255020_4095343275939204838_n.jpg","datePublished":"2023-11-01T22:45:46+00:00","dateModified":"2023-11-22T02:31:50+00:00","breadcrumb":{"@id":"https:\/\/thenewenglandgourmet.com\/rhode-island\/#breadcrumb"},"inLanguage":"fr-FR","potentialAction":[{"@type":"ReadAction","target":["https:\/\/thenewenglandgourmet.com\/rhode-island\/"]}]},{"@type":"ImageObject","inLanguage":"fr-FR","@id":"https:\/\/thenewenglandgourmet.com\/rhode-island\/#primaryimage","url":"https:\/\/thenewenglandgourmet.com\/wp-content\/uploads\/2022\/07\/291039893_545735447255020_4095343275939204838_n.jpg","contentUrl":"https:\/\/thenewenglandgourmet.com\/wp-content\/uploads\/2022\/07\/291039893_545735447255020_4095343275939204838_n.jpg"},{"@type":"BreadcrumbList","@id":"https:\/\/thenewenglandgourmet.com\/rhode-island\/#breadcrumb","itemListElement":[{"@type":"ListItem","position":1,"name":"Home","item":"https:\/\/thenewenglandgourmet.com\/"},{"@type":"ListItem","position":2,"name":"Rhode Island"}]},{"@type":"WebSite","@id":"https:\/\/thenewenglandgourmet.com\/#website","url":"https:\/\/thenewenglandgourmet.com\/","name":"The New England Gourmet","description":"","publisher":{"@id":"https:\/\/thenewenglandgourmet.com\/#organization"},"potentialAction":[{"@type":"SearchAction","target":{"@type":"EntryPoint","urlTemplate":"https:\/\/thenewenglandgourmet.com\/?s={search_term_string}"},"query-input":{"@type":"PropertyValueSpecification","valueRequired":true,"valueName":"search_term_string"}}],"inLanguage":"fr-FR"},{"@type":"Organization","@id":"https:\/\/thenewenglandgourmet.com\/#organization","name":"The New England Gourmet","url":"https:\/\/thenewenglandgourmet.com\/","logo":{"@type":"ImageObject","inLanguage":"fr-FR","@id":"https:\/\/thenewenglandgourmet.com\/#\/schema\/logo\/image\/","url":"https:\/\/thenewenglandgourmet.com\/wp-content\/uploads\/2021\/10\/logo-transparent-1.png","contentUrl":"https:\/\/thenewenglandgourmet.com\/wp-content\/uploads\/2021\/10\/logo-transparent-1.png","width":500,"height":500,"caption":"The New England Gourmet"},"image":{"@id":"https:\/\/thenewenglandgourmet.com\/#\/schema\/logo\/image\/"}}]}},"_links":{"self":[{"href":"https:\/\/thenewenglandgourmet.com\/fr\/wp-json\/wp\/v2\/pages\/6060","targetHints":{"allow":["GET"]}}],"collection":[{"href":"https:\/\/thenewenglandgourmet.com\/fr\/wp-json\/wp\/v2\/pages"}],"about":[{"href":"https:\/\/thenewenglandgourmet.com\/fr\/wp-json\/wp\/v2\/types\/page"}],"author":[{"embeddable":true,"href":"https:\/\/thenewenglandgourmet.com\/fr\/wp-json\/wp\/v2\/users\/1"}],"replies":[{"embeddable":true,"href":"https:\/\/thenewenglandgourmet.com\/fr\/wp-json\/wp\/v2\/comments?post=6060"}],"version-history":[{"count":5,"href":"https:\/\/thenewenglandgourmet.com\/fr\/wp-json\/wp\/v2\/pages\/6060\/revisions"}],"predecessor-version":[{"id":6233,"href":"https:\/\/thenewenglandgourmet.com\/fr\/wp-json\/wp\/v2\/pages\/6060\/revisions\/6233"}],"wp:attachment":[{"href":"https:\/\/thenewenglandgourmet.com\/fr\/wp-json\/wp\/v2\/media?parent=6060"}],"curies":[{"name":"wp","href":"https:\/\/api.w.org\/{rel}","templated":true}]}}