{"id":6058,"date":"2023-11-01T22:45:36","date_gmt":"2023-11-01T22:45:36","guid":{"rendered":"https:\/\/thenewenglandgourmet.com\/?page_id=6058"},"modified":"2023-11-30T22:20:20","modified_gmt":"2023-11-30T22:20:20","slug":"best-brunches-in-new-hampshire","status":"publish","type":"page","link":"https:\/\/thenewenglandgourmet.com\/fr\/best-brunches-in-new-hampshire\/","title":{"rendered":"Best brunches in New Hampshire"},"content":{"rendered":"<div data-elementor-type=\"wp-page\" data-elementor-id=\"6058\" class=\"elementor elementor-6058\" data-elementor-post-type=\"page\">\n\t\t\t\t<div class=\"elementor-element elementor-element-1dc3438d e-con-full e-flex e-con e-parent\" data-id=\"1dc3438d\" data-element_type=\"container\" data-e-type=\"container\">\n\t\t<div class=\"elementor-element elementor-element-2f022870 e-con-full e-flex e-con e-child\" data-id=\"2f022870\" data-element_type=\"container\" data-e-type=\"container\">\n\t\t\t\t<div class=\"elementor-element elementor-element-492bb8d9 elementor-widget elementor-widget-image\" data-id=\"492bb8d9\" data-element_type=\"widget\" data-e-type=\"widget\" data-widget_type=\"image.default\">\n\t\t\t\t<div class=\"elementor-widget-container\">\n\t\t\t\t\t\t\t\t\t\t\t\t\t\t\t<img decoding=\"async\" src=\"https:\/\/thenewenglandgourmet.com\/wp-content\/uploads\/2023\/11\/405408191_1784820548625213_5595466271828156720_n.jpg\" title=\"Les meilleurs brunchs du New Hampshire\" alt=\"Best Brunches in New Hampshire\" loading=\"lazy\" \/>\t\t\t\t\t\t\t\t\t\t\t\t\t\t\t<\/div>\n\t\t\t\t<\/div>\n\t\t\t\t<\/div>\n\t\t<div class=\"elementor-element elementor-element-4c51afb3 e-con-full e-flex e-con e-child\" data-id=\"4c51afb3\" data-element_type=\"container\" data-e-type=\"container\">\n\t\t\t\t<div class=\"elementor-element elementor-element-19f3dc9f elementor-widget elementor-widget-heading\" data-id=\"19f3dc9f\" data-element_type=\"widget\" data-e-type=\"widget\" data-widget_type=\"heading.default\">\n\t\t\t\t<div class=\"elementor-widget-container\">\n\t\t\t\t\t<h1 class=\"elementor-heading-title elementor-size-default\">Les meilleurs brunchs du New Hampshire<\/h1>\t\t\t\t<\/div>\n\t\t\t\t<\/div>\n\t\t\t\t<div class=\"elementor-element elementor-element-f4eb70 elementor-widget elementor-widget-heading\" data-id=\"f4eb70\" data-element_type=\"widget\" data-e-type=\"widget\" data-widget_type=\"heading.default\">\n\t\t\t\t<div class=\"elementor-widget-container\">\n\t\t\t\t\t<h2 class=\"elementor-heading-title elementor-size-default\">D\u00e9couvrez les meilleurs brunchs du New Hampshire<\/h2>\t\t\t\t<\/div>\n\t\t\t\t<\/div>\n\t\t\t\t<div class=\"elementor-element elementor-element-384f77e7 elementor-widget elementor-widget-text-editor\" data-id=\"384f77e7\" data-element_type=\"widget\" data-e-type=\"widget\" data-widget_type=\"text-editor.default\">\n\t\t\t\t<div class=\"elementor-widget-container\">\n\t\t\t\t\t\t\t\t\t<p>Les nombreux attraits du New Hampshire ne r\u00e9sident gu\u00e8re dans l\u2019innovation culinaire mais plut\u00f4t dans un charme bucolique favorisant les activit\u00e9s ext\u00e9rieures. Par cons\u00e9quent, trouver un brunch qui se distingue par son originalit\u00e9 et sa finesse s\u2019av\u00e8re difficile.<\/p><p>Heureusement, avec patience et pers\u00e9v\u00e9rance, il est possible de d\u00e9nicher quelques tr\u00e9sors cach\u00e9s, comme Th Sassy Biscuit, situ\u00e9 \u00e0 Dover. De plus, pour ceux qui aspirent \u00e0 un train de vie plus citadin et aux plaisirs gastronomiques qui en d\u00e9coulent, certains centre-villes sont remis peu \u00e0 peu au go\u00fbt du jour avec des caf\u00e9s et restaurants plus modernes.<\/p>\t\t\t\t\t\t\t\t<\/div>\n\t\t\t\t<\/div>\n\t\t\t\t<\/div>\n\t\t\t\t<\/div>\n\t\t<div class=\"elementor-element elementor-element-2257f2d1 e-flex e-con-boxed e-con e-parent\" data-id=\"2257f2d1\" data-element_type=\"container\" data-e-type=\"container\">\n\t\t\t\t\t<div class=\"e-con-inner\">\n\t\t<div class=\"elementor-element elementor-element-599a7b3b e-flex e-con-boxed e-con e-child\" data-id=\"599a7b3b\" data-element_type=\"container\" data-e-type=\"container\">\n\t\t\t\t\t<div class=\"e-con-inner\">\n\t\t\t\t<div class=\"elementor-element elementor-element-1701d7da elementor-widget-divider--view-line elementor-widget elementor-widget-divider\" data-id=\"1701d7da\" data-element_type=\"widget\" data-e-type=\"widget\" data-widget_type=\"divider.default\">\n\t\t\t\t<div class=\"elementor-widget-container\">\n\t\t\t\t\t\t\t<div class=\"elementor-divider\">\n\t\t\t<span class=\"elementor-divider-separator\">\n\t\t\t\t\t\t<\/span>\n\t\t<\/div>\n\t\t\t\t\t\t<\/div>\n\t\t\t\t<\/div>\n\t\t\t\t<div class=\"elementor-element elementor-element-7f7316fd elementor-widget elementor-widget-heading\" data-id=\"7f7316fd\" data-element_type=\"widget\" data-e-type=\"widget\" data-widget_type=\"heading.default\">\n\t\t\t\t<div class=\"elementor-widget-container\">\n\t\t\t\t\t<h2 class=\"elementor-heading-title elementor-size-default\">Revues de brunchs dans le New Hampshire<\/h2>\t\t\t\t<\/div>\n\t\t\t\t<\/div>\n\t\t\t\t\t<\/div>\n\t\t\t\t<\/div>\n\t\t\t\t<div class=\"elementor-element elementor-element-21addb7b elementor-grid-1 elementor-posts--align-center elementor-grid-tablet-1 elementor-widget__width-inherit elementor-grid-mobile-1 elementor-posts--thumbnail-top elementor-widget elementor-widget-posts\" data-id=\"21addb7b\" data-element_type=\"widget\" data-e-type=\"widget\" data-settings=\"{&quot;classic_columns&quot;:&quot;1&quot;,&quot;classic_columns_tablet&quot;:&quot;1&quot;,&quot;classic_columns_mobile&quot;:&quot;1&quot;,&quot;classic_row_gap&quot;:{&quot;unit&quot;:&quot;px&quot;,&quot;size&quot;:35,&quot;sizes&quot;:[]},&quot;classic_row_gap_widescreen&quot;:{&quot;unit&quot;:&quot;px&quot;,&quot;size&quot;:&quot;&quot;,&quot;sizes&quot;:[]},&quot;classic_row_gap_laptop&quot;:{&quot;unit&quot;:&quot;px&quot;,&quot;size&quot;:&quot;&quot;,&quot;sizes&quot;:[]},&quot;classic_row_gap_tablet_extra&quot;:{&quot;unit&quot;:&quot;px&quot;,&quot;size&quot;:&quot;&quot;,&quot;sizes&quot;:[]},&quot;classic_row_gap_tablet&quot;:{&quot;unit&quot;:&quot;px&quot;,&quot;size&quot;:&quot;&quot;,&quot;sizes&quot;:[]},&quot;classic_row_gap_mobile_extra&quot;:{&quot;unit&quot;:&quot;px&quot;,&quot;size&quot;:&quot;&quot;,&quot;sizes&quot;:[]},&quot;classic_row_gap_mobile&quot;:{&quot;unit&quot;:&quot;px&quot;,&quot;size&quot;:&quot;&quot;,&quot;sizes&quot;:[]}}\" data-widget_type=\"posts.classic\">\n\t\t\t\t<div class=\"elementor-widget-container\">\n\t\t\t\t\t\t\t<div class=\"elementor-posts-container elementor-posts elementor-posts--skin-classic elementor-grid\">\n\t\t\t\t<article class=\"elementor-post elementor-grid-item post-4203 post type-post status-publish format-standard has-post-thumbnail hentry category-best-brunch-new-hampshire\">\n\t\t\t\t<a class=\"elementor-post__thumbnail__link\" href=\"https:\/\/thenewenglandgourmet.com\/fr\/best-brunch-new-hampshire\/the-sassy-biscuit-co\/\" tabindex=\"-1\" >\n\t\t\t<div class=\"elementor-post__thumbnail\"><img fetchpriority=\"high\" decoding=\"async\" width=\"1493\" height=\"1120\" src=\"https:\/\/thenewenglandgourmet.com\/wp-content\/uploads\/2022\/06\/279044335_1024381761524669_965182359761740408_n-e1682985805813.jpg\" class=\"attachment-full size-full wp-image-2561\" alt=\"\" srcset=\"https:\/\/thenewenglandgourmet.com\/wp-content\/uploads\/2022\/06\/279044335_1024381761524669_965182359761740408_n-e1682985805813.jpg 1493w, https:\/\/thenewenglandgourmet.com\/wp-content\/uploads\/2022\/06\/279044335_1024381761524669_965182359761740408_n-e1682985805813-300x225.jpg 300w, https:\/\/thenewenglandgourmet.com\/wp-content\/uploads\/2022\/06\/279044335_1024381761524669_965182359761740408_n-e1682985805813-1024x768.jpg 1024w, https:\/\/thenewenglandgourmet.com\/wp-content\/uploads\/2022\/06\/279044335_1024381761524669_965182359761740408_n-e1682985805813-768x576.jpg 768w, https:\/\/thenewenglandgourmet.com\/wp-content\/uploads\/2022\/06\/279044335_1024381761524669_965182359761740408_n-e1682985805813-16x12.jpg 16w\" sizes=\"(max-width: 1493px) 100vw, 1493px\" \/><\/div>\n\t\t<\/a>\n\t\t\t\t<div class=\"elementor-post__text\">\n\t\t\t\t<h3 class=\"elementor-post__title\">\n\t\t\t<a href=\"https:\/\/thenewenglandgourmet.com\/fr\/best-brunch-new-hampshire\/the-sassy-biscuit-co\/\" >\n\t\t\t\tThe Sassy Biscuit Co.\t\t\t<\/a>\n\t\t<\/h3>\n\t\t\t\t<div class=\"elementor-post__meta-data\">\n\t\t\t\t\t<span class=\"elementor-post-date\">\n\t\t\tavril 1, 2023\t\t<\/span>\n\t\t\t\t<\/div>\n\t\t\t\t<div class=\"elementor-post__excerpt\">\n\t\t\t<p>Sassy Biscuit specializes in Southern dishes and excels in the preparation of biscuits. <\/p>\n\t\t<\/div>\n\t\t\n\t\t<a class=\"elementor-post__read-more\" href=\"https:\/\/thenewenglandgourmet.com\/fr\/best-brunch-new-hampshire\/the-sassy-biscuit-co\/\" aria-label=\"En savoir plus sur The Sassy Biscuit Co.\" tabindex=\"-1\" >\n\t\t\tRead More \u00bb\t\t<\/a>\n\n\t\t\t\t<\/div>\n\t\t\t\t<\/article>\n\t\t\t\t<\/div>\n\t\t\n\t\t\t\t\t\t<\/div>\n\t\t\t\t<\/div>\n\t\t\t\t\t<\/div>\n\t\t\t\t<\/div>\n\t\t\t\t<\/div>","protected":false},"excerpt":{"rendered":"<p>Best Brunches in New Hampshire Discover the Best Brunches of New Hampshire New Hampshire\u2019s forte doesn\u2019t lie within an urban cutting-edge culinary scenery but, rather, focuses on laidback outdoor activities ensuing from its bucolic charm. Consequently, refined, original, and trendy brunch spots don\u2019t abound. Thankfully, with patience and perseverance, it\u2019s still possible to unearth gems, [&hellip;]<\/p>\n","protected":false},"author":1,"featured_media":0,"parent":0,"menu_order":0,"comment_status":"closed","ping_status":"closed","template":"elementor_header_footer","meta":{"nf_dc_page":"","_monsterinsights_skip_tracking":false,"_monsterinsights_sitenote_active":false,"_monsterinsights_sitenote_note":"","_monsterinsights_sitenote_category":0,"footnotes":""},"class_list":["post-6058","page","type-page","status-publish","hentry"],"yoast_head":"<!-- This site is optimized with the Yoast SEO plugin v27.4 - https:\/\/yoast.com\/product\/yoast-seo-wordpress\/ -->\n<title>best-brunches-in-new-hampshire<\/title>\n<meta name=\"description\" content=\"The best brunches in New Hampshire can be hard to find. However, though not abundant, little gastronomic gems can still be unearthed.\" \/>\n<meta name=\"robots\" content=\"index, follow, max-snippet:-1, max-image-preview:large, max-video-preview:-1\" \/>\n<link rel=\"canonical\" href=\"https:\/\/thenewenglandgourmet.com\/fr\/best-brunches-in-new-hampshire\/\" \/>\n<meta property=\"og:locale\" content=\"fr_FR\" \/>\n<meta property=\"og:type\" content=\"article\" \/>\n<meta property=\"og:title\" content=\"best-brunches-in-new-hampshire\" \/>\n<meta property=\"og:description\" content=\"The best brunches in New Hampshire can be hard to find. However, though not abundant, little gastronomic gems can still be unearthed.\" \/>\n<meta property=\"og:url\" content=\"https:\/\/thenewenglandgourmet.com\/fr\/best-brunches-in-new-hampshire\/\" \/>\n<meta property=\"og:site_name\" content=\"The New England Gourmet\" \/>\n<meta property=\"article:modified_time\" content=\"2023-11-30T22:20:20+00:00\" \/>\n<meta property=\"og:image\" content=\"https:\/\/thenewenglandgourmet.com\/wp-content\/uploads\/2023\/11\/405408191_1784820548625213_5595466271828156720_n.jpg\" \/>\n<meta name=\"twitter:card\" content=\"summary_large_image\" \/>\n<meta name=\"twitter:label1\" content=\"Dur\u00e9e de lecture estim\u00e9e\" \/>\n\t<meta name=\"twitter:data1\" content=\"1 minute\" \/>\n<script type=\"application\/ld+json\" class=\"yoast-schema-graph\">{\"@context\":\"https:\\\/\\\/schema.org\",\"@graph\":[{\"@type\":\"WebPage\",\"@id\":\"https:\\\/\\\/thenewenglandgourmet.com\\\/best-brunches-in-new-hampshire\\\/\",\"url\":\"https:\\\/\\\/thenewenglandgourmet.com\\\/best-brunches-in-new-hampshire\\\/\",\"name\":\"best-brunches-in-new-hampshire\",\"isPartOf\":{\"@id\":\"https:\\\/\\\/thenewenglandgourmet.com\\\/#website\"},\"primaryImageOfPage\":{\"@id\":\"https:\\\/\\\/thenewenglandgourmet.com\\\/best-brunches-in-new-hampshire\\\/#primaryimage\"},\"image\":{\"@id\":\"https:\\\/\\\/thenewenglandgourmet.com\\\/best-brunches-in-new-hampshire\\\/#primaryimage\"},\"thumbnailUrl\":\"https:\\\/\\\/thenewenglandgourmet.com\\\/wp-content\\\/uploads\\\/2023\\\/11\\\/405408191_1784820548625213_5595466271828156720_n.jpg\",\"datePublished\":\"2023-11-01T22:45:36+00:00\",\"dateModified\":\"2023-11-30T22:20:20+00:00\",\"description\":\"The best brunches in New Hampshire can be hard to find. However, though not abundant, little gastronomic gems can still be unearthed.\",\"breadcrumb\":{\"@id\":\"https:\\\/\\\/thenewenglandgourmet.com\\\/best-brunches-in-new-hampshire\\\/#breadcrumb\"},\"inLanguage\":\"fr-FR\",\"potentialAction\":[{\"@type\":\"ReadAction\",\"target\":[\"https:\\\/\\\/thenewenglandgourmet.com\\\/best-brunches-in-new-hampshire\\\/\"]}]},{\"@type\":\"ImageObject\",\"inLanguage\":\"fr-FR\",\"@id\":\"https:\\\/\\\/thenewenglandgourmet.com\\\/best-brunches-in-new-hampshire\\\/#primaryimage\",\"url\":\"https:\\\/\\\/thenewenglandgourmet.com\\\/wp-content\\\/uploads\\\/2023\\\/11\\\/405408191_1784820548625213_5595466271828156720_n.jpg\",\"contentUrl\":\"https:\\\/\\\/thenewenglandgourmet.com\\\/wp-content\\\/uploads\\\/2023\\\/11\\\/405408191_1784820548625213_5595466271828156720_n.jpg\"},{\"@type\":\"BreadcrumbList\",\"@id\":\"https:\\\/\\\/thenewenglandgourmet.com\\\/best-brunches-in-new-hampshire\\\/#breadcrumb\",\"itemListElement\":[{\"@type\":\"ListItem\",\"position\":1,\"name\":\"Home\",\"item\":\"https:\\\/\\\/thenewenglandgourmet.com\\\/\"},{\"@type\":\"ListItem\",\"position\":2,\"name\":\"Best brunches in New Hampshire\"}]},{\"@type\":\"WebSite\",\"@id\":\"https:\\\/\\\/thenewenglandgourmet.com\\\/#website\",\"url\":\"https:\\\/\\\/thenewenglandgourmet.com\\\/\",\"name\":\"The New England Gourmet\",\"description\":\"\",\"publisher\":{\"@id\":\"https:\\\/\\\/thenewenglandgourmet.com\\\/#organization\"},\"potentialAction\":[{\"@type\":\"SearchAction\",\"target\":{\"@type\":\"EntryPoint\",\"urlTemplate\":\"https:\\\/\\\/thenewenglandgourmet.com\\\/?s={search_term_string}\"},\"query-input\":{\"@type\":\"PropertyValueSpecification\",\"valueRequired\":true,\"valueName\":\"search_term_string\"}}],\"inLanguage\":\"fr-FR\"},{\"@type\":\"Organization\",\"@id\":\"https:\\\/\\\/thenewenglandgourmet.com\\\/#organization\",\"name\":\"The New England Gourmet\",\"url\":\"https:\\\/\\\/thenewenglandgourmet.com\\\/\",\"logo\":{\"@type\":\"ImageObject\",\"inLanguage\":\"fr-FR\",\"@id\":\"https:\\\/\\\/thenewenglandgourmet.com\\\/#\\\/schema\\\/logo\\\/image\\\/\",\"url\":\"https:\\\/\\\/thenewenglandgourmet.com\\\/wp-content\\\/uploads\\\/2021\\\/10\\\/logo-transparent-1.png\",\"contentUrl\":\"https:\\\/\\\/thenewenglandgourmet.com\\\/wp-content\\\/uploads\\\/2021\\\/10\\\/logo-transparent-1.png\",\"width\":500,\"height\":500,\"caption\":\"The New England Gourmet\"},\"image\":{\"@id\":\"https:\\\/\\\/thenewenglandgourmet.com\\\/#\\\/schema\\\/logo\\\/image\\\/\"}}]}<\/script>\n<!-- \/ Yoast SEO plugin. -->","yoast_head_json":{"title":"best-brunches-in-new-hampshire","description":"The best brunches in New Hampshire can be hard to find. However, though not abundant, little gastronomic gems can still be unearthed.","robots":{"index":"index","follow":"follow","max-snippet":"max-snippet:-1","max-image-preview":"max-image-preview:large","max-video-preview":"max-video-preview:-1"},"canonical":"https:\/\/thenewenglandgourmet.com\/fr\/best-brunches-in-new-hampshire\/","og_locale":"fr_FR","og_type":"article","og_title":"best-brunches-in-new-hampshire","og_description":"The best brunches in New Hampshire can be hard to find. However, though not abundant, little gastronomic gems can still be unearthed.","og_url":"https:\/\/thenewenglandgourmet.com\/fr\/best-brunches-in-new-hampshire\/","og_site_name":"The New England Gourmet","article_modified_time":"2023-11-30T22:20:20+00:00","og_image":[{"url":"https:\/\/thenewenglandgourmet.com\/wp-content\/uploads\/2023\/11\/405408191_1784820548625213_5595466271828156720_n.jpg","type":"","width":"","height":""}],"twitter_card":"summary_large_image","twitter_misc":{"Dur\u00e9e de lecture estim\u00e9e":"1 minute"},"schema":{"@context":"https:\/\/schema.org","@graph":[{"@type":"WebPage","@id":"https:\/\/thenewenglandgourmet.com\/best-brunches-in-new-hampshire\/","url":"https:\/\/thenewenglandgourmet.com\/best-brunches-in-new-hampshire\/","name":"best-brunches-in-new-hampshire","isPartOf":{"@id":"https:\/\/thenewenglandgourmet.com\/#website"},"primaryImageOfPage":{"@id":"https:\/\/thenewenglandgourmet.com\/best-brunches-in-new-hampshire\/#primaryimage"},"image":{"@id":"https:\/\/thenewenglandgourmet.com\/best-brunches-in-new-hampshire\/#primaryimage"},"thumbnailUrl":"https:\/\/thenewenglandgourmet.com\/wp-content\/uploads\/2023\/11\/405408191_1784820548625213_5595466271828156720_n.jpg","datePublished":"2023-11-01T22:45:36+00:00","dateModified":"2023-11-30T22:20:20+00:00","description":"The best brunches in New Hampshire can be hard to find. However, though not abundant, little gastronomic gems can still be unearthed.","breadcrumb":{"@id":"https:\/\/thenewenglandgourmet.com\/best-brunches-in-new-hampshire\/#breadcrumb"},"inLanguage":"fr-FR","potentialAction":[{"@type":"ReadAction","target":["https:\/\/thenewenglandgourmet.com\/best-brunches-in-new-hampshire\/"]}]},{"@type":"ImageObject","inLanguage":"fr-FR","@id":"https:\/\/thenewenglandgourmet.com\/best-brunches-in-new-hampshire\/#primaryimage","url":"https:\/\/thenewenglandgourmet.com\/wp-content\/uploads\/2023\/11\/405408191_1784820548625213_5595466271828156720_n.jpg","contentUrl":"https:\/\/thenewenglandgourmet.com\/wp-content\/uploads\/2023\/11\/405408191_1784820548625213_5595466271828156720_n.jpg"},{"@type":"BreadcrumbList","@id":"https:\/\/thenewenglandgourmet.com\/best-brunches-in-new-hampshire\/#breadcrumb","itemListElement":[{"@type":"ListItem","position":1,"name":"Home","item":"https:\/\/thenewenglandgourmet.com\/"},{"@type":"ListItem","position":2,"name":"Best brunches in New Hampshire"}]},{"@type":"WebSite","@id":"https:\/\/thenewenglandgourmet.com\/#website","url":"https:\/\/thenewenglandgourmet.com\/","name":"The New England Gourmet","description":"","publisher":{"@id":"https:\/\/thenewenglandgourmet.com\/#organization"},"potentialAction":[{"@type":"SearchAction","target":{"@type":"EntryPoint","urlTemplate":"https:\/\/thenewenglandgourmet.com\/?s={search_term_string}"},"query-input":{"@type":"PropertyValueSpecification","valueRequired":true,"valueName":"search_term_string"}}],"inLanguage":"fr-FR"},{"@type":"Organization","@id":"https:\/\/thenewenglandgourmet.com\/#organization","name":"The New England Gourmet","url":"https:\/\/thenewenglandgourmet.com\/","logo":{"@type":"ImageObject","inLanguage":"fr-FR","@id":"https:\/\/thenewenglandgourmet.com\/#\/schema\/logo\/image\/","url":"https:\/\/thenewenglandgourmet.com\/wp-content\/uploads\/2021\/10\/logo-transparent-1.png","contentUrl":"https:\/\/thenewenglandgourmet.com\/wp-content\/uploads\/2021\/10\/logo-transparent-1.png","width":500,"height":500,"caption":"The New England Gourmet"},"image":{"@id":"https:\/\/thenewenglandgourmet.com\/#\/schema\/logo\/image\/"}}]}},"_links":{"self":[{"href":"https:\/\/thenewenglandgourmet.com\/fr\/wp-json\/wp\/v2\/pages\/6058","targetHints":{"allow":["GET"]}}],"collection":[{"href":"https:\/\/thenewenglandgourmet.com\/fr\/wp-json\/wp\/v2\/pages"}],"about":[{"href":"https:\/\/thenewenglandgourmet.com\/fr\/wp-json\/wp\/v2\/types\/page"}],"author":[{"embeddable":true,"href":"https:\/\/thenewenglandgourmet.com\/fr\/wp-json\/wp\/v2\/users\/1"}],"replies":[{"embeddable":true,"href":"https:\/\/thenewenglandgourmet.com\/fr\/wp-json\/wp\/v2\/comments?post=6058"}],"version-history":[{"count":5,"href":"https:\/\/thenewenglandgourmet.com\/fr\/wp-json\/wp\/v2\/pages\/6058\/revisions"}],"predecessor-version":[{"id":6325,"href":"https:\/\/thenewenglandgourmet.com\/fr\/wp-json\/wp\/v2\/pages\/6058\/revisions\/6325"}],"wp:attachment":[{"href":"https:\/\/thenewenglandgourmet.com\/fr\/wp-json\/wp\/v2\/media?parent=6058"}],"curies":[{"name":"wp","href":"https:\/\/api.w.org\/{rel}","templated":true}]}}