{"id":6054,"date":"2023-11-01T22:44:08","date_gmt":"2023-11-01T22:44:08","guid":{"rendered":"https:\/\/thenewenglandgourmet.com\/?page_id=6054"},"modified":"2023-11-30T22:48:20","modified_gmt":"2023-11-30T22:48:20","slug":"best-brunches-in-maine","status":"publish","type":"page","link":"https:\/\/thenewenglandgourmet.com\/fr\/best-brunches-in-maine\/","title":{"rendered":"Les meilleurs brunchs du Maine"},"content":{"rendered":"<div data-elementor-type=\"wp-page\" data-elementor-id=\"6054\" class=\"elementor elementor-6054\" data-elementor-post-type=\"page\">\n\t\t\t\t<div class=\"elementor-element elementor-element-35e4bf11 e-flex e-con-boxed e-con e-parent\" data-id=\"35e4bf11\" data-element_type=\"container\" data-e-type=\"container\">\n\t\t\t\t\t<div class=\"e-con-inner\">\n\t\t<div class=\"elementor-element elementor-element-49910590 e-con-full e-flex e-con e-child\" data-id=\"49910590\" data-element_type=\"container\" data-e-type=\"container\">\n\t\t\t\t<div class=\"elementor-element elementor-element-5488f445 elementor-widget elementor-widget-image\" data-id=\"5488f445\" data-element_type=\"widget\" data-e-type=\"widget\" data-widget_type=\"image.default\">\n\t\t\t\t<div class=\"elementor-widget-container\">\n\t\t\t\t\t\t\t\t\t\t\t\t\t\t\t<img decoding=\"async\" src=\"https:\/\/thenewenglandgourmet.com\/wp-content\/uploads\/2023\/11\/368778353_786259769903650_8283535737874271777_n.jpg\" title=\"368778353_786259769903650_8283535737874271777_n\" alt=\"Best Brunches in Maine\" loading=\"lazy\" \/>\t\t\t\t\t\t\t\t\t\t\t\t\t\t\t<\/div>\n\t\t\t\t<\/div>\n\t\t\t\t<\/div>\n\t\t<div class=\"elementor-element elementor-element-99b37a6 e-con-full e-flex e-con e-child\" data-id=\"99b37a6\" data-element_type=\"container\" data-e-type=\"container\">\n\t\t\t\t<div class=\"elementor-element elementor-element-1af34ccc elementor-widget elementor-widget-heading\" data-id=\"1af34ccc\" data-element_type=\"widget\" data-e-type=\"widget\" data-widget_type=\"heading.default\">\n\t\t\t\t<div class=\"elementor-widget-container\">\n\t\t\t\t\t<h1 class=\"elementor-heading-title elementor-size-default\">Les meilleurs brunchs du Maine<\/h1>\t\t\t\t<\/div>\n\t\t\t\t<\/div>\n\t\t\t\t<div class=\"elementor-element elementor-element-1e53872d elementor-widget elementor-widget-heading\" data-id=\"1e53872d\" data-element_type=\"widget\" data-e-type=\"widget\" data-widget_type=\"heading.default\">\n\t\t\t\t<div class=\"elementor-widget-container\">\n\t\t\t\t\t<h2 class=\"elementor-heading-title elementor-size-default\">D\u00e9couvrez les meilleurs brunchs du Maine<\/h2>\t\t\t\t<\/div>\n\t\t\t\t<\/div>\n\t\t\t\t<div class=\"elementor-element elementor-element-3b4cda32 elementor-widget elementor-widget-text-editor\" data-id=\"3b4cda32\" data-element_type=\"widget\" data-e-type=\"widget\" data-widget_type=\"text-editor.default\">\n\t\t\t\t<div class=\"elementor-widget-container\">\n\t\t\t\t\t\t\t\t\t<p>Profond\u00e9ment rural, le Maine ne mise gu\u00e8re sur sa sc\u00e8ne gastronomique pour se d\u00e9marquer. Cependant, Portland, la capitale, conf\u00e8re au petit \u00e9tat un charme quelque peu citadin m\u00e9lant une cuisine rustique, moderne, et raffin\u00e9e.<\/p><p>Bien qu\u2019aux premiers abords, la m\u00e9tropole tente d\u2019aguicher les touristes avec de nombreux restaurants de r\u00e9putation surfaite, plus ou moins \u00e0 la mode, elle abrite aussi d\u2019innombrable brasseries, p\u00e2tisseries, et tavernes pour des brunchs savoureux et surprenants. Entre autre, beaucoup de plats incorporent ing\u00e9nieusement des ingr\u00e9dients du terroir qui seront s\u00e9duire les amateurs de rusticit\u00e9.<\/p>\t\t\t\t\t\t\t\t<\/div>\n\t\t\t\t<\/div>\n\t\t\t\t<\/div>\n\t\t\t\t\t<\/div>\n\t\t\t\t<\/div>\n\t\t<div class=\"elementor-element elementor-element-3fcdc2b4 e-flex e-con-boxed e-con e-parent\" data-id=\"3fcdc2b4\" data-element_type=\"container\" data-e-type=\"container\">\n\t\t\t\t\t<div class=\"e-con-inner\">\n\t\t<div class=\"elementor-element elementor-element-3b7e20de e-flex e-con-boxed e-con e-child\" data-id=\"3b7e20de\" data-element_type=\"container\" data-e-type=\"container\">\n\t\t\t\t\t<div class=\"e-con-inner\">\n\t\t\t\t<div class=\"elementor-element elementor-element-117227e2 elementor-widget-divider--view-line elementor-widget elementor-widget-divider\" data-id=\"117227e2\" data-element_type=\"widget\" data-e-type=\"widget\" data-widget_type=\"divider.default\">\n\t\t\t\t<div class=\"elementor-widget-container\">\n\t\t\t\t\t\t\t<div class=\"elementor-divider\">\n\t\t\t<span class=\"elementor-divider-separator\">\n\t\t\t\t\t\t<\/span>\n\t\t<\/div>\n\t\t\t\t\t\t<\/div>\n\t\t\t\t<\/div>\n\t\t\t\t<div class=\"elementor-element elementor-element-760d0070 elementor-widget elementor-widget-heading\" data-id=\"760d0070\" data-element_type=\"widget\" data-e-type=\"widget\" data-widget_type=\"heading.default\">\n\t\t\t\t<div class=\"elementor-widget-container\">\n\t\t\t\t\t<h2 class=\"elementor-heading-title elementor-size-default\">Revues de brunchs dans le Maine<\/h2>\t\t\t\t<\/div>\n\t\t\t\t<\/div>\n\t\t\t\t\t<\/div>\n\t\t\t\t<\/div>\n\t\t\t\t<div class=\"elementor-element elementor-element-76b23e68 elementor-grid-1 elementor-posts--align-center elementor-grid-tablet-1 elementor-widget__width-inherit elementor-grid-mobile-1 elementor-posts--thumbnail-top elementor-widget elementor-widget-posts\" data-id=\"76b23e68\" data-element_type=\"widget\" data-e-type=\"widget\" data-settings=\"{&quot;classic_columns&quot;:&quot;1&quot;,&quot;classic_columns_tablet&quot;:&quot;1&quot;,&quot;classic_columns_mobile&quot;:&quot;1&quot;,&quot;classic_row_gap&quot;:{&quot;unit&quot;:&quot;px&quot;,&quot;size&quot;:35,&quot;sizes&quot;:[]},&quot;classic_row_gap_widescreen&quot;:{&quot;unit&quot;:&quot;px&quot;,&quot;size&quot;:&quot;&quot;,&quot;sizes&quot;:[]},&quot;classic_row_gap_laptop&quot;:{&quot;unit&quot;:&quot;px&quot;,&quot;size&quot;:&quot;&quot;,&quot;sizes&quot;:[]},&quot;classic_row_gap_tablet_extra&quot;:{&quot;unit&quot;:&quot;px&quot;,&quot;size&quot;:&quot;&quot;,&quot;sizes&quot;:[]},&quot;classic_row_gap_tablet&quot;:{&quot;unit&quot;:&quot;px&quot;,&quot;size&quot;:&quot;&quot;,&quot;sizes&quot;:[]},&quot;classic_row_gap_mobile_extra&quot;:{&quot;unit&quot;:&quot;px&quot;,&quot;size&quot;:&quot;&quot;,&quot;sizes&quot;:[]},&quot;classic_row_gap_mobile&quot;:{&quot;unit&quot;:&quot;px&quot;,&quot;size&quot;:&quot;&quot;,&quot;sizes&quot;:[]}}\" data-widget_type=\"posts.classic\">\n\t\t\t\t<div class=\"elementor-widget-container\">\n\t\t\t\t\t\t\t<div class=\"elementor-posts-container elementor-posts elementor-posts--skin-classic elementor-grid\">\n\t\t\t\t<article class=\"elementor-post elementor-grid-item post-6364 post type-post status-publish format-standard has-post-thumbnail hentry category-best-brunch-maine\">\n\t\t\t\t<a class=\"elementor-post__thumbnail__link\" href=\"https:\/\/thenewenglandgourmet.com\/fr\/best-brunch-maine\/central-provisions\/\" tabindex=\"-1\" >\n\t\t\t<div class=\"elementor-post__thumbnail\"><img fetchpriority=\"high\" decoding=\"async\" width=\"1262\" height=\"1092\" src=\"https:\/\/thenewenglandgourmet.com\/wp-content\/uploads\/2023\/12\/368778353_786259769903650_8283535737874271777_n-1.jpg\" class=\"attachment-full size-full wp-image-6371\" alt=\"Central Provisions Foie Gras Torchon\" srcset=\"https:\/\/thenewenglandgourmet.com\/wp-content\/uploads\/2023\/12\/368778353_786259769903650_8283535737874271777_n-1.jpg 1262w, https:\/\/thenewenglandgourmet.com\/wp-content\/uploads\/2023\/12\/368778353_786259769903650_8283535737874271777_n-1-300x260.jpg 300w, https:\/\/thenewenglandgourmet.com\/wp-content\/uploads\/2023\/12\/368778353_786259769903650_8283535737874271777_n-1-1024x886.jpg 1024w, https:\/\/thenewenglandgourmet.com\/wp-content\/uploads\/2023\/12\/368778353_786259769903650_8283535737874271777_n-1-768x665.jpg 768w, https:\/\/thenewenglandgourmet.com\/wp-content\/uploads\/2023\/12\/368778353_786259769903650_8283535737874271777_n-1-14x12.jpg 14w\" sizes=\"(max-width: 1262px) 100vw, 1262px\" \/><\/div>\n\t\t<\/a>\n\t\t\t\t<div class=\"elementor-post__text\">\n\t\t\t\t<h3 class=\"elementor-post__title\">\n\t\t\t<a href=\"https:\/\/thenewenglandgourmet.com\/fr\/best-brunch-maine\/central-provisions\/\" >\n\t\t\t\tCentral Provisions\t\t\t<\/a>\n\t\t<\/h3>\n\t\t\t\t<div class=\"elementor-post__meta-data\">\n\t\t\t\t\t<span class=\"elementor-post-date\">\n\t\t\td\u00e9cembre 7, 2023\t\t<\/span>\n\t\t\t\t<\/div>\n\t\t\t\t<div class=\"elementor-post__excerpt\">\n\t\t\t<p>Central Provisions, located in Portland, specializes in finely prepared small plates in a rustic, yet modern, decor.<\/p>\n\t\t<\/div>\n\t\t\n\t\t<a class=\"elementor-post__read-more\" href=\"https:\/\/thenewenglandgourmet.com\/fr\/best-brunch-maine\/central-provisions\/\" aria-label=\"En savoir plus sur Central Provisions\" tabindex=\"-1\" >\n\t\t\tRead More \u00bb\t\t<\/a>\n\n\t\t\t\t<\/div>\n\t\t\t\t<\/article>\n\t\t\t\t<article class=\"elementor-post elementor-grid-item post-6298 post type-post status-publish format-standard has-post-thumbnail hentry category-best-brunch-maine\">\n\t\t\t\t<a class=\"elementor-post__thumbnail__link\" href=\"https:\/\/thenewenglandgourmet.com\/fr\/best-brunch-maine\/terlingua-restaurant\/\" tabindex=\"-1\" >\n\t\t\t<div class=\"elementor-post__thumbnail\"><img decoding=\"async\" width=\"1479\" height=\"914\" src=\"https:\/\/thenewenglandgourmet.com\/wp-content\/uploads\/2023\/11\/369155904_1282541869062811_24752729710426333_n.jpg\" class=\"attachment-full size-full wp-image-6301\" alt=\"Terlingua Tacos\" srcset=\"https:\/\/thenewenglandgourmet.com\/wp-content\/uploads\/2023\/11\/369155904_1282541869062811_24752729710426333_n.jpg 1479w, https:\/\/thenewenglandgourmet.com\/wp-content\/uploads\/2023\/11\/369155904_1282541869062811_24752729710426333_n-300x185.jpg 300w, https:\/\/thenewenglandgourmet.com\/wp-content\/uploads\/2023\/11\/369155904_1282541869062811_24752729710426333_n-1024x633.jpg 1024w, https:\/\/thenewenglandgourmet.com\/wp-content\/uploads\/2023\/11\/369155904_1282541869062811_24752729710426333_n-768x475.jpg 768w, https:\/\/thenewenglandgourmet.com\/wp-content\/uploads\/2023\/11\/369155904_1282541869062811_24752729710426333_n-18x12.jpg 18w\" sizes=\"(max-width: 1479px) 100vw, 1479px\" \/><\/div>\n\t\t<\/a>\n\t\t\t\t<div class=\"elementor-post__text\">\n\t\t\t\t<h3 class=\"elementor-post__title\">\n\t\t\t<a href=\"https:\/\/thenewenglandgourmet.com\/fr\/best-brunch-maine\/terlingua-restaurant\/\" >\n\t\t\t\tTerlingua Restaurant\t\t\t<\/a>\n\t\t<\/h3>\n\t\t\t\t<div class=\"elementor-post__meta-data\">\n\t\t\t\t\t<span class=\"elementor-post-date\">\n\t\t\tnovembre 30, 2023\t\t<\/span>\n\t\t\t\t<\/div>\n\t\t\t\t<div class=\"elementor-post__excerpt\">\n\t\t\t<p>Terlingua Restaurant, located in Portland, Maine, specializes in smoked and BBQ meat.<\/p>\n\t\t<\/div>\n\t\t\n\t\t<a class=\"elementor-post__read-more\" href=\"https:\/\/thenewenglandgourmet.com\/fr\/best-brunch-maine\/terlingua-restaurant\/\" aria-label=\"En savoir plus sur Terlingua Restaurant\" tabindex=\"-1\" >\n\t\t\tRead More \u00bb\t\t<\/a>\n\n\t\t\t\t<\/div>\n\t\t\t\t<\/article>\n\t\t\t\t<\/div>\n\t\t\n\t\t\t\t\t\t<\/div>\n\t\t\t\t<\/div>\n\t\t\t\t\t<\/div>\n\t\t\t\t<\/div>\n\t\t\t\t<\/div>","protected":false},"excerpt":{"rendered":"<p>Best Brunches in Maine Discover the Best Brunches in Maine Deeply rural, Maine\u2019s food scene, at first glance, hardly stands out. However, Portland, the capital, offsets this predominant rusticity with an invigorating urban feel that bestows upon the city brunch spots with refined and modern cuisine. Underneath a surface of seemingly trendy, at times gimmicky, [&hellip;]<\/p>\n","protected":false},"author":1,"featured_media":0,"parent":0,"menu_order":0,"comment_status":"closed","ping_status":"closed","template":"elementor_header_footer","meta":{"nf_dc_page":"","_monsterinsights_skip_tracking":false,"_monsterinsights_sitenote_active":false,"_monsterinsights_sitenote_note":"","_monsterinsights_sitenote_category":0,"footnotes":""},"class_list":["post-6054","page","type-page","status-publish","hentry"],"yoast_head":"<!-- This site is optimized with the Yoast SEO plugin v27.4 - https:\/\/yoast.com\/product\/yoast-seo-wordpress\/ -->\n<title>Best Brunches in Maine<\/title>\n<meta name=\"description\" content=\"Most of the best brunches in Maine are located in Portland, which offers authentic breweries, bakeries, and exquisite restaurants.\" \/>\n<meta name=\"robots\" content=\"index, follow, max-snippet:-1, max-image-preview:large, max-video-preview:-1\" \/>\n<link rel=\"canonical\" href=\"https:\/\/thenewenglandgourmet.com\/fr\/best-brunches-in-maine\/\" \/>\n<meta property=\"og:locale\" content=\"fr_FR\" \/>\n<meta property=\"og:type\" content=\"article\" \/>\n<meta property=\"og:title\" content=\"Best Brunches in Maine\" \/>\n<meta property=\"og:description\" content=\"Most of the best brunches in Maine are located in Portland, which offers authentic breweries, bakeries, and exquisite restaurants.\" \/>\n<meta property=\"og:url\" content=\"https:\/\/thenewenglandgourmet.com\/fr\/best-brunches-in-maine\/\" \/>\n<meta property=\"og:site_name\" content=\"The New England Gourmet\" \/>\n<meta property=\"article:modified_time\" content=\"2023-11-30T22:48:20+00:00\" \/>\n<meta property=\"og:image\" content=\"https:\/\/thenewenglandgourmet.com\/wp-content\/uploads\/2023\/11\/368778353_786259769903650_8283535737874271777_n.jpg\" \/>\n<meta name=\"twitter:card\" content=\"summary_large_image\" \/>\n<meta name=\"twitter:label1\" content=\"Dur\u00e9e de lecture estim\u00e9e\" \/>\n\t<meta name=\"twitter:data1\" content=\"1 minute\" \/>\n<script type=\"application\/ld+json\" class=\"yoast-schema-graph\">{\"@context\":\"https:\\\/\\\/schema.org\",\"@graph\":[{\"@type\":\"WebPage\",\"@id\":\"https:\\\/\\\/thenewenglandgourmet.com\\\/best-brunches-in-maine\\\/\",\"url\":\"https:\\\/\\\/thenewenglandgourmet.com\\\/best-brunches-in-maine\\\/\",\"name\":\"Best Brunches in Maine\",\"isPartOf\":{\"@id\":\"https:\\\/\\\/thenewenglandgourmet.com\\\/#website\"},\"primaryImageOfPage\":{\"@id\":\"https:\\\/\\\/thenewenglandgourmet.com\\\/best-brunches-in-maine\\\/#primaryimage\"},\"image\":{\"@id\":\"https:\\\/\\\/thenewenglandgourmet.com\\\/best-brunches-in-maine\\\/#primaryimage\"},\"thumbnailUrl\":\"https:\\\/\\\/thenewenglandgourmet.com\\\/wp-content\\\/uploads\\\/2023\\\/11\\\/368778353_786259769903650_8283535737874271777_n.jpg\",\"datePublished\":\"2023-11-01T22:44:08+00:00\",\"dateModified\":\"2023-11-30T22:48:20+00:00\",\"description\":\"Most of the best brunches in Maine are located in Portland, which offers authentic breweries, bakeries, and exquisite restaurants.\",\"breadcrumb\":{\"@id\":\"https:\\\/\\\/thenewenglandgourmet.com\\\/best-brunches-in-maine\\\/#breadcrumb\"},\"inLanguage\":\"fr-FR\",\"potentialAction\":[{\"@type\":\"ReadAction\",\"target\":[\"https:\\\/\\\/thenewenglandgourmet.com\\\/best-brunches-in-maine\\\/\"]}]},{\"@type\":\"ImageObject\",\"inLanguage\":\"fr-FR\",\"@id\":\"https:\\\/\\\/thenewenglandgourmet.com\\\/best-brunches-in-maine\\\/#primaryimage\",\"url\":\"https:\\\/\\\/thenewenglandgourmet.com\\\/wp-content\\\/uploads\\\/2023\\\/11\\\/368778353_786259769903650_8283535737874271777_n.jpg\",\"contentUrl\":\"https:\\\/\\\/thenewenglandgourmet.com\\\/wp-content\\\/uploads\\\/2023\\\/11\\\/368778353_786259769903650_8283535737874271777_n.jpg\"},{\"@type\":\"BreadcrumbList\",\"@id\":\"https:\\\/\\\/thenewenglandgourmet.com\\\/best-brunches-in-maine\\\/#breadcrumb\",\"itemListElement\":[{\"@type\":\"ListItem\",\"position\":1,\"name\":\"Home\",\"item\":\"https:\\\/\\\/thenewenglandgourmet.com\\\/\"},{\"@type\":\"ListItem\",\"position\":2,\"name\":\"Best Brunches in Maine\"}]},{\"@type\":\"WebSite\",\"@id\":\"https:\\\/\\\/thenewenglandgourmet.com\\\/#website\",\"url\":\"https:\\\/\\\/thenewenglandgourmet.com\\\/\",\"name\":\"The New England Gourmet\",\"description\":\"\",\"publisher\":{\"@id\":\"https:\\\/\\\/thenewenglandgourmet.com\\\/#organization\"},\"potentialAction\":[{\"@type\":\"SearchAction\",\"target\":{\"@type\":\"EntryPoint\",\"urlTemplate\":\"https:\\\/\\\/thenewenglandgourmet.com\\\/?s={search_term_string}\"},\"query-input\":{\"@type\":\"PropertyValueSpecification\",\"valueRequired\":true,\"valueName\":\"search_term_string\"}}],\"inLanguage\":\"fr-FR\"},{\"@type\":\"Organization\",\"@id\":\"https:\\\/\\\/thenewenglandgourmet.com\\\/#organization\",\"name\":\"The New England Gourmet\",\"url\":\"https:\\\/\\\/thenewenglandgourmet.com\\\/\",\"logo\":{\"@type\":\"ImageObject\",\"inLanguage\":\"fr-FR\",\"@id\":\"https:\\\/\\\/thenewenglandgourmet.com\\\/#\\\/schema\\\/logo\\\/image\\\/\",\"url\":\"https:\\\/\\\/thenewenglandgourmet.com\\\/wp-content\\\/uploads\\\/2021\\\/10\\\/logo-transparent-1.png\",\"contentUrl\":\"https:\\\/\\\/thenewenglandgourmet.com\\\/wp-content\\\/uploads\\\/2021\\\/10\\\/logo-transparent-1.png\",\"width\":500,\"height\":500,\"caption\":\"The New England Gourmet\"},\"image\":{\"@id\":\"https:\\\/\\\/thenewenglandgourmet.com\\\/#\\\/schema\\\/logo\\\/image\\\/\"}}]}<\/script>\n<!-- \/ Yoast SEO plugin. -->","yoast_head_json":{"title":"Les meilleurs brunchs du Maine","description":"Most of the best brunches in Maine are located in Portland, which offers authentic breweries, bakeries, and exquisite restaurants.","robots":{"index":"index","follow":"follow","max-snippet":"max-snippet:-1","max-image-preview":"max-image-preview:large","max-video-preview":"max-video-preview:-1"},"canonical":"https:\/\/thenewenglandgourmet.com\/fr\/best-brunches-in-maine\/","og_locale":"fr_FR","og_type":"article","og_title":"Best Brunches in Maine","og_description":"Most of the best brunches in Maine are located in Portland, which offers authentic breweries, bakeries, and exquisite restaurants.","og_url":"https:\/\/thenewenglandgourmet.com\/fr\/best-brunches-in-maine\/","og_site_name":"The New England Gourmet","article_modified_time":"2023-11-30T22:48:20+00:00","og_image":[{"url":"https:\/\/thenewenglandgourmet.com\/wp-content\/uploads\/2023\/11\/368778353_786259769903650_8283535737874271777_n.jpg","type":"","width":"","height":""}],"twitter_card":"summary_large_image","twitter_misc":{"Dur\u00e9e de lecture estim\u00e9e":"1 minute"},"schema":{"@context":"https:\/\/schema.org","@graph":[{"@type":"WebPage","@id":"https:\/\/thenewenglandgourmet.com\/best-brunches-in-maine\/","url":"https:\/\/thenewenglandgourmet.com\/best-brunches-in-maine\/","name":"Les meilleurs brunchs du Maine","isPartOf":{"@id":"https:\/\/thenewenglandgourmet.com\/#website"},"primaryImageOfPage":{"@id":"https:\/\/thenewenglandgourmet.com\/best-brunches-in-maine\/#primaryimage"},"image":{"@id":"https:\/\/thenewenglandgourmet.com\/best-brunches-in-maine\/#primaryimage"},"thumbnailUrl":"https:\/\/thenewenglandgourmet.com\/wp-content\/uploads\/2023\/11\/368778353_786259769903650_8283535737874271777_n.jpg","datePublished":"2023-11-01T22:44:08+00:00","dateModified":"2023-11-30T22:48:20+00:00","description":"Most of the best brunches in Maine are located in Portland, which offers authentic breweries, bakeries, and exquisite restaurants.","breadcrumb":{"@id":"https:\/\/thenewenglandgourmet.com\/best-brunches-in-maine\/#breadcrumb"},"inLanguage":"fr-FR","potentialAction":[{"@type":"ReadAction","target":["https:\/\/thenewenglandgourmet.com\/best-brunches-in-maine\/"]}]},{"@type":"ImageObject","inLanguage":"fr-FR","@id":"https:\/\/thenewenglandgourmet.com\/best-brunches-in-maine\/#primaryimage","url":"https:\/\/thenewenglandgourmet.com\/wp-content\/uploads\/2023\/11\/368778353_786259769903650_8283535737874271777_n.jpg","contentUrl":"https:\/\/thenewenglandgourmet.com\/wp-content\/uploads\/2023\/11\/368778353_786259769903650_8283535737874271777_n.jpg"},{"@type":"BreadcrumbList","@id":"https:\/\/thenewenglandgourmet.com\/best-brunches-in-maine\/#breadcrumb","itemListElement":[{"@type":"ListItem","position":1,"name":"Home","item":"https:\/\/thenewenglandgourmet.com\/"},{"@type":"ListItem","position":2,"name":"Best Brunches in Maine"}]},{"@type":"WebSite","@id":"https:\/\/thenewenglandgourmet.com\/#website","url":"https:\/\/thenewenglandgourmet.com\/","name":"The New England Gourmet","description":"","publisher":{"@id":"https:\/\/thenewenglandgourmet.com\/#organization"},"potentialAction":[{"@type":"SearchAction","target":{"@type":"EntryPoint","urlTemplate":"https:\/\/thenewenglandgourmet.com\/?s={search_term_string}"},"query-input":{"@type":"PropertyValueSpecification","valueRequired":true,"valueName":"search_term_string"}}],"inLanguage":"fr-FR"},{"@type":"Organization","@id":"https:\/\/thenewenglandgourmet.com\/#organization","name":"The New England Gourmet","url":"https:\/\/thenewenglandgourmet.com\/","logo":{"@type":"ImageObject","inLanguage":"fr-FR","@id":"https:\/\/thenewenglandgourmet.com\/#\/schema\/logo\/image\/","url":"https:\/\/thenewenglandgourmet.com\/wp-content\/uploads\/2021\/10\/logo-transparent-1.png","contentUrl":"https:\/\/thenewenglandgourmet.com\/wp-content\/uploads\/2021\/10\/logo-transparent-1.png","width":500,"height":500,"caption":"The New England Gourmet"},"image":{"@id":"https:\/\/thenewenglandgourmet.com\/#\/schema\/logo\/image\/"}}]}},"_links":{"self":[{"href":"https:\/\/thenewenglandgourmet.com\/fr\/wp-json\/wp\/v2\/pages\/6054","targetHints":{"allow":["GET"]}}],"collection":[{"href":"https:\/\/thenewenglandgourmet.com\/fr\/wp-json\/wp\/v2\/pages"}],"about":[{"href":"https:\/\/thenewenglandgourmet.com\/fr\/wp-json\/wp\/v2\/types\/page"}],"author":[{"embeddable":true,"href":"https:\/\/thenewenglandgourmet.com\/fr\/wp-json\/wp\/v2\/users\/1"}],"replies":[{"embeddable":true,"href":"https:\/\/thenewenglandgourmet.com\/fr\/wp-json\/wp\/v2\/comments?post=6054"}],"version-history":[{"count":5,"href":"https:\/\/thenewenglandgourmet.com\/fr\/wp-json\/wp\/v2\/pages\/6054\/revisions"}],"predecessor-version":[{"id":6353,"href":"https:\/\/thenewenglandgourmet.com\/fr\/wp-json\/wp\/v2\/pages\/6054\/revisions\/6353"}],"wp:attachment":[{"href":"https:\/\/thenewenglandgourmet.com\/fr\/wp-json\/wp\/v2\/media?parent=6054"}],"curies":[{"name":"wp","href":"https:\/\/api.w.org\/{rel}","templated":true}]}}