{"id":3601,"date":"2022-08-05T00:57:52","date_gmt":"2022-08-05T00:57:52","guid":{"rendered":"https:\/\/thenewenglandgourmet.com\/?page_id=3601"},"modified":"2023-11-08T01:59:43","modified_gmt":"2023-11-08T01:59:43","slug":"about-lionel-flon-contact","status":"publish","type":"page","link":"https:\/\/thenewenglandgourmet.com\/fr\/about-lionel-flon-contact\/","title":{"rendered":"\u00c0 propos de l'auteur\/Contact"},"content":{"rendered":"\t\t<div data-elementor-type=\"wp-page\" data-elementor-id=\"3601\" class=\"elementor elementor-3601\" data-elementor-post-type=\"page\">\n\t\t\t\t<div class=\"elementor-element elementor-element-202e5b60 e-flex e-con-boxed e-con e-parent\" data-id=\"202e5b60\" data-element_type=\"container\" data-e-type=\"container\" data-settings=\"{&quot;background_background&quot;:&quot;classic&quot;}\">\n\t\t\t\t\t<div class=\"e-con-inner\">\n\t\t\t\t<div class=\"elementor-element elementor-element-389a085d elementor-widget elementor-widget-heading\" data-id=\"389a085d\" data-element_type=\"widget\" data-e-type=\"widget\" data-widget_type=\"heading.default\">\n\t\t\t\t<div class=\"elementor-widget-container\">\n\t\t\t\t\t<h2 class=\"elementor-heading-title elementor-size-default\">About Lionel Flon<\/h2>\t\t\t\t<\/div>\n\t\t\t\t<\/div>\n\t\t\t\t<div class=\"elementor-element elementor-element-4530830d elementor-widget elementor-widget-text-editor\" data-id=\"4530830d\" data-element_type=\"widget\" data-e-type=\"widget\" data-widget_type=\"text-editor.default\">\n\t\t\t\t<div class=\"elementor-widget-container\">\n\t\t\t\t\t\t\t\t\t<p>Early into his childhood, Lionel Flon was initiated into gastronomy through <a href=\"https:\/\/www.relaischateaux.com\/us\/\">Relais &amp; Ch\u00e2teaux<\/a> (a select group of luxury hotels and boutique restaurants showcasing great regional food), Michelin star establishments, like <a href=\"https:\/\/www.maisons-bocuse.com\/en\/\">Paul Bocuse\u2019s Brasseries<\/a> in Lyon, and other renowned French restaurants.<\/p><p>When Lionel was 17, he moved to California, where he discovered a wide array of new flavors and concoctions. Additionally, many of his Asian friends introduced him to the delicacy of authentic Japanese and Korean cuisines.<\/p><p>After moving to New England from California in early 2020, Lionel devoted himself to the search for great local eateries. In fact, restaurants offering flavorful specialty dishes incorporating local products abounded. Naturally, his penchant for brunch tasting increased due to the variety of delectable concoctions that he kept experiencing. The ingenuity behind these creations incited him to write the New England Gourmet to share the gastronomic experiences that particularly enticed his palate!<\/p>\t\t\t\t\t\t\t\t<\/div>\n\t\t\t\t<\/div>\n\t\t\t\t<div class=\"elementor-element elementor-element-473fc4b elementor-widget elementor-widget-image\" data-id=\"473fc4b\" data-element_type=\"widget\" data-e-type=\"widget\" data-widget_type=\"image.default\">\n\t\t\t\t<div class=\"elementor-widget-container\">\n\t\t\t\t\t\t\t\t\t\t\t\t\t\t\t<img decoding=\"async\" width=\"166\" height=\"178\" src=\"https:\/\/thenewenglandgourmet.com\/wp-content\/uploads\/2022\/12\/251568781_2978831922365242_1208384649179279015_n-copy.jpg\" class=\"attachment-large size-large wp-image-4865\" alt=\"Lionel Flon\" srcset=\"https:\/\/thenewenglandgourmet.com\/wp-content\/uploads\/2022\/12\/251568781_2978831922365242_1208384649179279015_n-copy.jpg 166w, https:\/\/thenewenglandgourmet.com\/wp-content\/uploads\/2022\/12\/251568781_2978831922365242_1208384649179279015_n-copy-11x12.jpg 11w\" sizes=\"(max-width: 166px) 100vw, 166px\" \/>\t\t\t\t\t\t\t\t\t\t\t\t\t\t\t<\/div>\n\t\t\t\t<\/div>\n\t\t\t\t<div class=\"elementor-element elementor-element-49f0444 elementor-widget-divider--view-line elementor-widget elementor-widget-divider\" data-id=\"49f0444\" data-element_type=\"widget\" data-e-type=\"widget\" data-widget_type=\"divider.default\">\n\t\t\t\t<div class=\"elementor-widget-container\">\n\t\t\t\t\t\t\t<div class=\"elementor-divider\">\n\t\t\t<span class=\"elementor-divider-separator\">\n\t\t\t\t\t\t<\/span>\n\t\t<\/div>\n\t\t\t\t\t\t<\/div>\n\t\t\t\t<\/div>\n\t\t\t\t<div class=\"elementor-element elementor-element-5d6f885 elementor-widget elementor-widget-heading\" data-id=\"5d6f885\" data-element_type=\"widget\" data-e-type=\"widget\" data-widget_type=\"heading.default\">\n\t\t\t\t<div class=\"elementor-widget-container\">\n\t\t\t\t\t<h3 class=\"elementor-heading-title elementor-size-default\">Contact Lionel Flon<\/h3>\t\t\t\t<\/div>\n\t\t\t\t<\/div>\n\t\t\t\t<div class=\"elementor-element elementor-element-25c262f elementor-button-align-center elementor-widget elementor-widget-form\" data-id=\"25c262f\" data-element_type=\"widget\" data-e-type=\"widget\" data-settings=\"{&quot;step_next_label&quot;:&quot;Next&quot;,&quot;step_previous_label&quot;:&quot;Previous&quot;,&quot;button_width&quot;:&quot;100&quot;,&quot;step_type&quot;:&quot;number_text&quot;,&quot;step_icon_shape&quot;:&quot;circle&quot;}\" data-widget_type=\"form.default\">\n\t\t\t\t<div class=\"elementor-widget-container\">\n\t\t\t\t\t\t\t<form class=\"elementor-form\" method=\"post\" name=\"Contact Form\">\n\t\t\t<input type=\"hidden\" name=\"post_id\" value=\"3601\"\/>\n\t\t\t<input type=\"hidden\" name=\"form_id\" value=\"25c262f\"\/>\n\t\t\t<input type=\"hidden\" name=\"referer_title\" value=\"The New England Gourmet\" \/>\n\n\t\t\t\n\t\t\t<div class=\"elementor-form-fields-wrapper elementor-labels-\">\n\t\t\t\t\t\t\t\t<div class=\"elementor-field-type-text elementor-field-group elementor-column elementor-field-group-field_436f233 elementor-col-50\">\n\t\t\t\t\t\t\t\t\t\t\t\t<label for=\"form-field-field_436f233\" class=\"elementor-field-label elementor-screen-only\">\n\t\t\t\t\t\t\t\tFull Name*\t\t\t\t\t\t\t<\/label>\n\t\t\t\t\t\t\t\t\t\t\t\t\t\t<input size=\"1\" type=\"text\" name=\"form_fields[field_436f233]\" id=\"form-field-field_436f233\" class=\"elementor-field elementor-size-sm  elementor-field-textual\" placeholder=\"Full Name*\">\n\t\t\t\t\t\t\t\t\t\t\t<\/div>\n\t\t\t\t\t\t\t\t<div class=\"elementor-field-type-tel elementor-field-group elementor-column elementor-field-group-field_13f8176 elementor-col-50\">\n\t\t\t\t\t\t\t\t\t\t\t\t<label for=\"form-field-field_13f8176\" class=\"elementor-field-label elementor-screen-only\">\n\t\t\t\t\t\t\t\tPhone Number*\t\t\t\t\t\t\t<\/label>\n\t\t\t\t\t\t\t\t<input size=\"1\" type=\"tel\" name=\"form_fields[field_13f8176]\" id=\"form-field-field_13f8176\" class=\"elementor-field elementor-size-sm  elementor-field-textual\" placeholder=\"Phone Number*\" pattern=\"[0-9()#&amp;+*-=.]+\" title=\"Seuls les caract\u00e8res de num\u00e9ros de t\u00e9l\u00e9phone (#, -, *, etc.) sont accept\u00e9s.\">\n\n\t\t\t\t\t\t<\/div>\n\t\t\t\t\t\t\t\t<div class=\"elementor-field-type-email elementor-field-group elementor-column elementor-field-group-email elementor-col-50 elementor-field-required\">\n\t\t\t\t\t\t\t\t\t\t\t\t<label for=\"form-field-email\" class=\"elementor-field-label elementor-screen-only\">\n\t\t\t\t\t\t\t\tEmail Address*\t\t\t\t\t\t\t<\/label>\n\t\t\t\t\t\t\t\t\t\t\t\t\t\t<input size=\"1\" type=\"email\" name=\"form_fields[email]\" id=\"form-field-email\" class=\"elementor-field elementor-size-sm  elementor-field-textual\" placeholder=\"Email Address*\" required=\"required\">\n\t\t\t\t\t\t\t\t\t\t\t<\/div>\n\t\t\t\t\t\t\t\t<div class=\"elementor-field-type-text elementor-field-group elementor-column elementor-field-group-field_e09e076 elementor-col-50 elementor-field-required\">\n\t\t\t\t\t\t\t\t\t\t\t\t<label for=\"form-field-field_e09e076\" class=\"elementor-field-label elementor-screen-only\">\n\t\t\t\t\t\t\t\tSubject*\t\t\t\t\t\t\t<\/label>\n\t\t\t\t\t\t\t\t\t\t\t\t\t\t<input size=\"1\" type=\"text\" name=\"form_fields[field_e09e076]\" id=\"form-field-field_e09e076\" class=\"elementor-field elementor-size-sm  elementor-field-textual\" placeholder=\"Subject*\" required=\"required\">\n\t\t\t\t\t\t\t\t\t\t\t<\/div>\n\t\t\t\t\t\t\t\t<div class=\"elementor-field-type-textarea elementor-field-group elementor-column elementor-field-group-field_8fc8fef elementor-col-100\">\n\t\t\t\t\t\t\t\t\t\t\t\t<label for=\"form-field-field_8fc8fef\" class=\"elementor-field-label elementor-screen-only\">\n\t\t\t\t\t\t\t\tMessage\t\t\t\t\t\t\t<\/label>\n\t\t\t\t\t\t<textarea class=\"elementor-field-textual elementor-field  elementor-size-sm\" name=\"form_fields[field_8fc8fef]\" id=\"form-field-field_8fc8fef\" rows=\"4\" placeholder=\"Message\"><\/textarea>\t\t\t\t<\/div>\n\t\t\t\t\t\t\t\t<div class=\"elementor-field-group elementor-column elementor-field-type-submit elementor-col-100 e-form__buttons\">\n\t\t\t\t\t<button class=\"elementor-button elementor-size-sm\" type=\"submit\">\n\t\t\t\t\t\t<span class=\"elementor-button-content-wrapper\">\n\t\t\t\t\t\t\t\t\t\t\t\t\t\t\t\t\t\t\t\t\t\t<span class=\"elementor-button-text\">submit message<\/span>\n\t\t\t\t\t\t\t\t\t\t\t\t\t<\/span>\n\t\t\t\t\t<\/button>\n\t\t\t\t<\/div>\n\t\t\t<\/div>\n\t\t<\/form>\n\t\t\t\t\t\t<\/div>\n\t\t\t\t<\/div>\n\t\t\t\t\t<\/div>\n\t\t\t\t<\/div>\n\t\t\t\t<\/div>\n\t\t","protected":false},"excerpt":{"rendered":"<p>About Lionel Flon Early into his childhood, Lionel Flon was initiated into gastronomy through Relais &amp; Ch\u00e2teaux (a select group of luxury hotels and boutique restaurants showcasing great regional food), Michelin star establishments, like Paul Bocuse\u2019s Brasseries in Lyon, and other renowned French restaurants. When Lionel was 17, he moved to California, where he discovered [&hellip;]<\/p>\n","protected":false},"author":1,"featured_media":0,"parent":0,"menu_order":0,"comment_status":"closed","ping_status":"closed","template":"elementor_header_footer","meta":{"nf_dc_page":"","_monsterinsights_skip_tracking":false,"_monsterinsights_sitenote_active":false,"_monsterinsights_sitenote_note":"","_monsterinsights_sitenote_category":0,"footnotes":""},"class_list":["post-3601","page","type-page","status-publish","hentry"],"yoast_head":"<!-- This site is optimized with the Yoast SEO plugin v27.4 - https:\/\/yoast.com\/product\/yoast-seo-wordpress\/ -->\n<title>About The Author\/Contact - The New England Gourmet<\/title>\n<meta name=\"description\" content=\"Lionel Flon specializes in the search for great local brunch places in New England, offering original flavorful specialty dishes.\" \/>\n<meta name=\"robots\" content=\"index, follow, max-snippet:-1, max-image-preview:large, max-video-preview:-1\" \/>\n<link rel=\"canonical\" href=\"https:\/\/thenewenglandgourmet.com\/fr\/about-lionel-flon-contact\/\" \/>\n<meta property=\"og:locale\" content=\"fr_FR\" \/>\n<meta property=\"og:type\" content=\"article\" \/>\n<meta property=\"og:title\" content=\"About The Author\/Contact - The New England Gourmet\" \/>\n<meta property=\"og:description\" content=\"Lionel Flon specializes in the search for great local brunch places in New England, offering original flavorful specialty dishes.\" \/>\n<meta property=\"og:url\" content=\"https:\/\/thenewenglandgourmet.com\/fr\/about-lionel-flon-contact\/\" \/>\n<meta property=\"og:site_name\" content=\"The New England Gourmet\" \/>\n<meta property=\"article:modified_time\" content=\"2023-11-08T01:59:43+00:00\" \/>\n<meta property=\"og:image\" content=\"https:\/\/thenewenglandgourmet.com\/wp-content\/uploads\/2022\/12\/251568781_2978831922365242_1208384649179279015_n-copy.jpg\" \/>\n<meta name=\"twitter:card\" content=\"summary_large_image\" \/>\n<meta name=\"twitter:label1\" content=\"Dur\u00e9e de lecture estim\u00e9e\" \/>\n\t<meta name=\"twitter:data1\" content=\"1 minute\" \/>\n<script type=\"application\/ld+json\" class=\"yoast-schema-graph\">{\"@context\":\"https:\\\/\\\/schema.org\",\"@graph\":[{\"@type\":\"WebPage\",\"@id\":\"https:\\\/\\\/thenewenglandgourmet.com\\\/about-lionel-flon-contact\\\/\",\"url\":\"https:\\\/\\\/thenewenglandgourmet.com\\\/about-lionel-flon-contact\\\/\",\"name\":\"About The Author\\\/Contact - The New England Gourmet\",\"isPartOf\":{\"@id\":\"https:\\\/\\\/thenewenglandgourmet.com\\\/#website\"},\"primaryImageOfPage\":{\"@id\":\"https:\\\/\\\/thenewenglandgourmet.com\\\/about-lionel-flon-contact\\\/#primaryimage\"},\"image\":{\"@id\":\"https:\\\/\\\/thenewenglandgourmet.com\\\/about-lionel-flon-contact\\\/#primaryimage\"},\"thumbnailUrl\":\"https:\\\/\\\/thenewenglandgourmet.com\\\/wp-content\\\/uploads\\\/2022\\\/12\\\/251568781_2978831922365242_1208384649179279015_n-copy.jpg\",\"datePublished\":\"2022-08-05T00:57:52+00:00\",\"dateModified\":\"2023-11-08T01:59:43+00:00\",\"description\":\"Lionel Flon specializes in the search for great local brunch places in New England, offering original flavorful specialty dishes.\",\"breadcrumb\":{\"@id\":\"https:\\\/\\\/thenewenglandgourmet.com\\\/about-lionel-flon-contact\\\/#breadcrumb\"},\"inLanguage\":\"fr-FR\",\"potentialAction\":[{\"@type\":\"ReadAction\",\"target\":[\"https:\\\/\\\/thenewenglandgourmet.com\\\/about-lionel-flon-contact\\\/\"]}]},{\"@type\":\"ImageObject\",\"inLanguage\":\"fr-FR\",\"@id\":\"https:\\\/\\\/thenewenglandgourmet.com\\\/about-lionel-flon-contact\\\/#primaryimage\",\"url\":\"https:\\\/\\\/thenewenglandgourmet.com\\\/wp-content\\\/uploads\\\/2022\\\/12\\\/251568781_2978831922365242_1208384649179279015_n-copy.jpg\",\"contentUrl\":\"https:\\\/\\\/thenewenglandgourmet.com\\\/wp-content\\\/uploads\\\/2022\\\/12\\\/251568781_2978831922365242_1208384649179279015_n-copy.jpg\"},{\"@type\":\"BreadcrumbList\",\"@id\":\"https:\\\/\\\/thenewenglandgourmet.com\\\/about-lionel-flon-contact\\\/#breadcrumb\",\"itemListElement\":[{\"@type\":\"ListItem\",\"position\":1,\"name\":\"Home\",\"item\":\"https:\\\/\\\/thenewenglandgourmet.com\\\/\"},{\"@type\":\"ListItem\",\"position\":2,\"name\":\"About The Author\\\/Contact\"}]},{\"@type\":\"WebSite\",\"@id\":\"https:\\\/\\\/thenewenglandgourmet.com\\\/#website\",\"url\":\"https:\\\/\\\/thenewenglandgourmet.com\\\/\",\"name\":\"The New England Gourmet\",\"description\":\"\",\"publisher\":{\"@id\":\"https:\\\/\\\/thenewenglandgourmet.com\\\/#organization\"},\"potentialAction\":[{\"@type\":\"SearchAction\",\"target\":{\"@type\":\"EntryPoint\",\"urlTemplate\":\"https:\\\/\\\/thenewenglandgourmet.com\\\/?s={search_term_string}\"},\"query-input\":{\"@type\":\"PropertyValueSpecification\",\"valueRequired\":true,\"valueName\":\"search_term_string\"}}],\"inLanguage\":\"fr-FR\"},{\"@type\":\"Organization\",\"@id\":\"https:\\\/\\\/thenewenglandgourmet.com\\\/#organization\",\"name\":\"The New England Gourmet\",\"url\":\"https:\\\/\\\/thenewenglandgourmet.com\\\/\",\"logo\":{\"@type\":\"ImageObject\",\"inLanguage\":\"fr-FR\",\"@id\":\"https:\\\/\\\/thenewenglandgourmet.com\\\/#\\\/schema\\\/logo\\\/image\\\/\",\"url\":\"https:\\\/\\\/thenewenglandgourmet.com\\\/wp-content\\\/uploads\\\/2021\\\/10\\\/logo-transparent-1.png\",\"contentUrl\":\"https:\\\/\\\/thenewenglandgourmet.com\\\/wp-content\\\/uploads\\\/2021\\\/10\\\/logo-transparent-1.png\",\"width\":500,\"height\":500,\"caption\":\"The New England Gourmet\"},\"image\":{\"@id\":\"https:\\\/\\\/thenewenglandgourmet.com\\\/#\\\/schema\\\/logo\\\/image\\\/\"}}]}<\/script>\n<!-- \/ Yoast SEO plugin. -->","yoast_head_json":{"title":"About The Author\/Contact - The New England Gourmet","description":"Lionel Flon specializes in the search for great local brunch places in New England, offering original flavorful specialty dishes.","robots":{"index":"index","follow":"follow","max-snippet":"max-snippet:-1","max-image-preview":"max-image-preview:large","max-video-preview":"max-video-preview:-1"},"canonical":"https:\/\/thenewenglandgourmet.com\/fr\/about-lionel-flon-contact\/","og_locale":"fr_FR","og_type":"article","og_title":"About The Author\/Contact - The New England Gourmet","og_description":"Lionel Flon specializes in the search for great local brunch places in New England, offering original flavorful specialty dishes.","og_url":"https:\/\/thenewenglandgourmet.com\/fr\/about-lionel-flon-contact\/","og_site_name":"The New England Gourmet","article_modified_time":"2023-11-08T01:59:43+00:00","og_image":[{"url":"https:\/\/thenewenglandgourmet.com\/wp-content\/uploads\/2022\/12\/251568781_2978831922365242_1208384649179279015_n-copy.jpg","type":"","width":"","height":""}],"twitter_card":"summary_large_image","twitter_misc":{"Dur\u00e9e de lecture estim\u00e9e":"1 minute"},"schema":{"@context":"https:\/\/schema.org","@graph":[{"@type":"WebPage","@id":"https:\/\/thenewenglandgourmet.com\/about-lionel-flon-contact\/","url":"https:\/\/thenewenglandgourmet.com\/about-lionel-flon-contact\/","name":"About The Author\/Contact - The New England Gourmet","isPartOf":{"@id":"https:\/\/thenewenglandgourmet.com\/#website"},"primaryImageOfPage":{"@id":"https:\/\/thenewenglandgourmet.com\/about-lionel-flon-contact\/#primaryimage"},"image":{"@id":"https:\/\/thenewenglandgourmet.com\/about-lionel-flon-contact\/#primaryimage"},"thumbnailUrl":"https:\/\/thenewenglandgourmet.com\/wp-content\/uploads\/2022\/12\/251568781_2978831922365242_1208384649179279015_n-copy.jpg","datePublished":"2022-08-05T00:57:52+00:00","dateModified":"2023-11-08T01:59:43+00:00","description":"Lionel Flon specializes in the search for great local brunch places in New England, offering original flavorful specialty dishes.","breadcrumb":{"@id":"https:\/\/thenewenglandgourmet.com\/about-lionel-flon-contact\/#breadcrumb"},"inLanguage":"fr-FR","potentialAction":[{"@type":"ReadAction","target":["https:\/\/thenewenglandgourmet.com\/about-lionel-flon-contact\/"]}]},{"@type":"ImageObject","inLanguage":"fr-FR","@id":"https:\/\/thenewenglandgourmet.com\/about-lionel-flon-contact\/#primaryimage","url":"https:\/\/thenewenglandgourmet.com\/wp-content\/uploads\/2022\/12\/251568781_2978831922365242_1208384649179279015_n-copy.jpg","contentUrl":"https:\/\/thenewenglandgourmet.com\/wp-content\/uploads\/2022\/12\/251568781_2978831922365242_1208384649179279015_n-copy.jpg"},{"@type":"BreadcrumbList","@id":"https:\/\/thenewenglandgourmet.com\/about-lionel-flon-contact\/#breadcrumb","itemListElement":[{"@type":"ListItem","position":1,"name":"Home","item":"https:\/\/thenewenglandgourmet.com\/"},{"@type":"ListItem","position":2,"name":"About The Author\/Contact"}]},{"@type":"WebSite","@id":"https:\/\/thenewenglandgourmet.com\/#website","url":"https:\/\/thenewenglandgourmet.com\/","name":"The New England Gourmet","description":"","publisher":{"@id":"https:\/\/thenewenglandgourmet.com\/#organization"},"potentialAction":[{"@type":"SearchAction","target":{"@type":"EntryPoint","urlTemplate":"https:\/\/thenewenglandgourmet.com\/?s={search_term_string}"},"query-input":{"@type":"PropertyValueSpecification","valueRequired":true,"valueName":"search_term_string"}}],"inLanguage":"fr-FR"},{"@type":"Organization","@id":"https:\/\/thenewenglandgourmet.com\/#organization","name":"The New England Gourmet","url":"https:\/\/thenewenglandgourmet.com\/","logo":{"@type":"ImageObject","inLanguage":"fr-FR","@id":"https:\/\/thenewenglandgourmet.com\/#\/schema\/logo\/image\/","url":"https:\/\/thenewenglandgourmet.com\/wp-content\/uploads\/2021\/10\/logo-transparent-1.png","contentUrl":"https:\/\/thenewenglandgourmet.com\/wp-content\/uploads\/2021\/10\/logo-transparent-1.png","width":500,"height":500,"caption":"The New England Gourmet"},"image":{"@id":"https:\/\/thenewenglandgourmet.com\/#\/schema\/logo\/image\/"}}]}},"_links":{"self":[{"href":"https:\/\/thenewenglandgourmet.com\/fr\/wp-json\/wp\/v2\/pages\/3601","targetHints":{"allow":["GET"]}}],"collection":[{"href":"https:\/\/thenewenglandgourmet.com\/fr\/wp-json\/wp\/v2\/pages"}],"about":[{"href":"https:\/\/thenewenglandgourmet.com\/fr\/wp-json\/wp\/v2\/types\/page"}],"author":[{"embeddable":true,"href":"https:\/\/thenewenglandgourmet.com\/fr\/wp-json\/wp\/v2\/users\/1"}],"replies":[{"embeddable":true,"href":"https:\/\/thenewenglandgourmet.com\/fr\/wp-json\/wp\/v2\/comments?post=3601"}],"version-history":[{"count":5,"href":"https:\/\/thenewenglandgourmet.com\/fr\/wp-json\/wp\/v2\/pages\/3601\/revisions"}],"predecessor-version":[{"id":6146,"href":"https:\/\/thenewenglandgourmet.com\/fr\/wp-json\/wp\/v2\/pages\/3601\/revisions\/6146"}],"wp:attachment":[{"href":"https:\/\/thenewenglandgourmet.com\/fr\/wp-json\/wp\/v2\/media?parent=3601"}],"curies":[{"name":"wp","href":"https:\/\/api.w.org\/{rel}","templated":true}]}}